{"id":474648,"date":"2019-07-04T12:19:23","date_gmt":"2019-07-04T10:19:23","guid":{"rendered":"https:\/\/dev.privateproperty.immo\/terminos-y-condiciones\/"},"modified":"2022-05-18T11:35:50","modified_gmt":"2022-05-18T09:35:50","slug":"terminos-y-condiciones","status":"publish","type":"page","link":"https:\/\/staging.privatepropertymallorca.com\/es\/terminos-y-condiciones\/","title":{"rendered":"t\u00e9rminos y condiciones"},"content":{"rendered":"<div class=\"wpb-content-wrapper\"><p>[vc_row][vc_column width=\u00bb1\/6&#8243;][\/vc_column][vc_column width=\u00bb2\/3&#8243;]<div id=\"ultimate-heading-576869df9f4225178\" class=\"uvc-heading ult-adjust-bottom-margin ultimate-heading-576869df9f4225178 uvc-2924 \" data-hspacer=\"line_only\"  data-halign=\"center\" style=\"text-align:center\"><div class=\"uvc-main-heading ult-responsive\"  data-ultimate-target='.uvc-heading.ultimate-heading-576869df9f4225178 h2'  data-responsive-json-new='{\"font-size\":\"\",\"line-height\":\"\"}' ><h2 style=\"font-weight:normal;margin-top:50px;\">CONDICIONES GENERALES<\/h2><\/div><div class=\"uvc-heading-spacer line_only\" style=\"margin-top:30px;margin-bottom:40px;height:1px;\"><span class=\"uvc-headings-line\" style=\"border-style:solid;border-bottom-width:1px;border-color:#4d6b87;width:200px;\"><\/span><\/div><\/div>[vc_column_text]<\/p>\n<h3>Oferta<\/h3>\n<p>Nuestra oferta est\u00e1 sujeta a confirmaci\u00f3n y se realiza sobre la base de la informaci\u00f3n que nos proporciona el vendedor\/arrendador o terceros. No podemos asumir la responsabilidad de la exactitud e integridad.<br \/>\nSe reservan los errores y la venta\/arrendamiento previos.<\/p>\n<h3>Transmisi\u00f3n de informaci\u00f3n<\/h3>\n<p>Nuestras ofertas y comunicaciones est\u00e1n destinadas exclusivamente a los destinatarios de la oferta. En caso de divulgaci\u00f3n a terceros sin nuestro consentimiento, el cesionario deber\u00e1 abonarnos la comisi\u00f3n en el momento de la celebraci\u00f3n del contrato principal por parte del tercero.<\/p>\n<h3>Situaci\u00f3n del derecho de la construcci\u00f3n<\/h3>\n<p>Todos los detalles se basan exclusivamente en la informaci\u00f3n que nos proporcionan nuestros clientes. No asumimos ninguna responsabilidad por la integridad, exactitud y actualidad de esta informaci\u00f3n. Por principio, recomendamos que un abogado especializado compruebe la situaci\u00f3n del derecho de la construcci\u00f3n.<\/p>\n<h3>Impuestos<\/h3>\n<p>Los impuestos, el notario y los gastos del registro de la propiedad que se producen con la compra corren a cargo del comprador.<\/p>\n<h3>Conocimientos previos<\/h3>\n<p>Si el destinatario de la oferta ya tiene conocimiento de la vendibilidad\/alquiler de un inmueble comprobado por nosotros, est\u00e1 obligado a comunic\u00e1rnoslo por escrito inmediatamente, a m\u00e1s tardar en un plazo de 8 d\u00edas.<\/p>\n<h3>Comisi\u00f3n<\/h3>\n<p>Salvo que se indique lo contrario en la oferta, el comprador no paga ninguna comisi\u00f3n. Esto no se aplica a las propiedades de la cartera bancaria. En este caso, debe celebrarse previamente un acuerdo de intermediaci\u00f3n por separado. A la conclusi\u00f3n de un contrato de alquiler\/arrendamiento con una duraci\u00f3n de hasta 5 a\u00f1os, Private Property Mallorca cobra al inquilino\/arrendatario la suma de 2 meses de alquiler m\u00e1s el IVA sobre la base de la renta mensual acordada a la conclusi\u00f3n del contrato (en el caso de alquileres escalonados sobre la renta media del periodo contractual fijado).<\/p>\n<h3>Seguimiento de los negocios<\/h3>\n<p>Tambi\u00e9n tenemos derecho a reclamar una comisi\u00f3n si se celebran otros acuerdos en relaci\u00f3n temporal y econ\u00f3mica con el primer contrato mediado o probado por nosotros.<\/p>\n<h3>Lugar de jurisdicci\u00f3n<\/h3>\n<p>El lugar de jurisdicci\u00f3n para los comerciantes registrados es Palma de Mallorca.<\/p>\n<p>Se except\u00faan los errores y la venta previa.[\/vc_column_text][\/vc_column][vc_column width=\u00bb1\/6&#8243;][\/vc_column][\/vc_row]<\/p>\n<\/div>","protected":false},"excerpt":{"rendered":"<p>[vc_row][vc_column width=\u00bb1\/6&#8243;][\/vc_column][vc_column width=\u00bb2\/3&#8243;][vc_column_text] Oferta Nuestra oferta est\u00e1 sujeta a confirmaci\u00f3n y se realiza sobre la base de la informaci\u00f3n que &#8230;<\/p>\n","protected":false},"author":1,"featured_media":0,"parent":0,"menu_order":102,"comment_status":"closed","ping_status":"closed","template":"","meta":{"_seopress_robots_primary_cat":"","_seopress_titles_title":"","_seopress_titles_desc":"","_seopress_robots_index":"","footnotes":""},"class_list":["post-474648","page","type-page","status-publish"],"_links":{"self":[{"href":"https:\/\/staging.privatepropertymallorca.com\/es\/wp-json\/wp\/v2\/pages\/474648","targetHints":{"allow":["GET"]}}],"collection":[{"href":"https:\/\/staging.privatepropertymallorca.com\/es\/wp-json\/wp\/v2\/pages"}],"about":[{"href":"https:\/\/staging.privatepropertymallorca.com\/es\/wp-json\/wp\/v2\/types\/page"}],"author":[{"embeddable":true,"href":"https:\/\/staging.privatepropertymallorca.com\/es\/wp-json\/wp\/v2\/users\/1"}],"replies":[{"embeddable":true,"href":"https:\/\/staging.privatepropertymallorca.com\/es\/wp-json\/wp\/v2\/comments?post=474648"}],"version-history":[{"count":0,"href":"https:\/\/staging.privatepropertymallorca.com\/es\/wp-json\/wp\/v2\/pages\/474648\/revisions"}],"wp:attachment":[{"href":"https:\/\/staging.privatepropertymallorca.com\/es\/wp-json\/wp\/v2\/media?parent=474648"}],"curies":[{"name":"wp","href":"https:\/\/api.w.org\/{rel}","templated":true}]}}