{"id":474616,"date":"2020-12-23T15:27:26","date_gmt":"2020-12-23T14:27:26","guid":{"rendered":"https:\/\/dev.privateproperty.immo\/impuestos-y-derecho\/"},"modified":"2024-05-22T16:05:59","modified_gmt":"2024-05-22T14:05:59","slug":"impuestos-y-derecho","status":"publish","type":"page","link":"https:\/\/staging.privatepropertymallorca.com\/es\/impuestos-y-derecho\/","title":{"rendered":"Impuestos y Derecho"},"content":{"rendered":"<div class=\"wpb-content-wrapper\"><p>[vc_row][vc_column]<div id=\"ultimate-heading-655869df9f3b4690a\" class=\"uvc-heading ult-adjust-bottom-margin ultimate-heading-655869df9f3b4690a uvc-715 \" data-hspacer=\"line_only\"  data-halign=\"center\" style=\"text-align:center\"><div class=\"uvc-main-heading ult-responsive\"  data-ultimate-target='.uvc-heading.ultimate-heading-655869df9f3b4690a h1'  data-responsive-json-new='{\"font-size\":\"\",\"line-height\":\"\"}' ><h1 style=\"font-weight:normal;margin-top:120px;\">IMPUESTOS Y DERECHO EN MALLORCA<\/h1><\/div><div class=\"uvc-heading-spacer line_only\" style=\"margin-top:30px;margin-bottom:80px;height:1px;\"><span class=\"uvc-headings-line\" style=\"border-style:solid;border-bottom-width:1px;border-color:#4d6b87;width:200px;\"><\/span><\/div><\/div>[\/vc_column][\/vc_row][vc_row][vc_column width=\u00bb1\/6&#8243;][\/vc_column][vc_column width=\u00bb1\/3&#8243;][vc_column_text]<\/p>\n<h3>Asesoramiento fiscal y jur\u00eddico para inmuebles en Mallorca<\/h3>\n<p>Si desea adquirir una propiedad en Mallorca, ya sea como vivienda principal o de vacaciones, es importante obtener un asesoramiento profesional y detallado sobre la situaci\u00f3n fiscal y las obligaciones tributarias que conlleva la compra de una propiedad.<\/p>\n<p><img decoding=\"async\" class=\"alignright wp-image-338415\" src=\"https:\/\/dev.privateproperty.immo\/wp-content\/uploads\/2021\/01\/steuern-300x200.jpg\" alt=\"\" width=\"199\" height=\"133\" srcset=\"https:\/\/staging.privatepropertymallorca.com\/wp-content\/uploads\/2021\/01\/steuern-300x200.jpg 300w, https:\/\/staging.privatepropertymallorca.com\/wp-content\/uploads\/2021\/01\/steuern-105x70.jpg 105w, https:\/\/staging.privatepropertymallorca.com\/wp-content\/uploads\/2021\/01\/steuern.jpg 424w\" sizes=\"(max-width: 199px) 100vw, 199px\" \/><\/p>\n<p>En Private Property Mallorca trabajamos con un equipo de abogados y asesores fiscales muy competentes y conocedores de la materia que le proporcionar\u00e1n informaci\u00f3n completa sobre la legislaci\u00f3n inmobiliaria espa\u00f1ola y le explicar\u00e1n los costes e impuestos que conlleva la compra de una propiedad en Mallorca.[\/vc_column_text][\/vc_column][vc_column width=\u00bb1\/3&#8243;][vc_column_text]<\/p>\n<h3>Incurrir en impuestos sobre la propiedad inmobiliaria de Mallorca<\/h3>\n<p>En este caso se distingue entre los impuestos puntuales que hay que pagar:<\/p>\n<ul>\n<li>IVA<\/li>\n<li>Impuesto sobre transmisiones patrimoniales<\/li>\n<\/ul>\n<p><b>as\u00ed como los impuestos actuales a pagar anualmente:<\/b><\/p>\n<ul>\n<li>Impuesto sobre bienes inmuebles<\/li>\n<li>Impuesto sobre la renta<\/li>\n<li>Impuesto sobre el patrimonio<\/li>\n<\/ul>\n<p>En una conversaci\u00f3n personal, nuestro equipo de expertos le proporcionar\u00e1 un desglose detallado de todos los costes y le dar\u00e1 valiosos consejos sobre la planificaci\u00f3n de la sucesi\u00f3n y la optimizaci\u00f3n fiscal de su propiedad en Mallorca.[\/vc_column_text][\/vc_column][vc_column width=\u00bb1\/6&#8243;][\/vc_column][\/vc_row][vc_row][vc_column width=\u00bb1\/6&#8243;][\/vc_column][vc_column width=\u00bb2\/3&#8243;][vc_empty_space height=\u00bb50px\u00bb][vc_column_text]<\/p>\n<h3>\u00bfCu\u00e1les son los impuestos sobre la venta de propiedades en Mallorca?<\/h3>\n<p>Si usted es propietario de una vivienda en Mallorca y desea venderla, tambi\u00e9n debe informarse bien sobre la situaci\u00f3n fiscal. En primer lugar, debe aclarar si act\u00faa como persona jur\u00eddica, por ejemplo en nombre de una empresa, o como persona f\u00edsica. Adem\u00e1s, influye el hecho de estar registrado como residente en Espa\u00f1a o no.<\/p>\n<p>El vendedor est\u00e1 obligado a pagar el impuesto municipal ad valorem (Plusval\u00eda). Se trata del llamado impuesto sobre el incremento del valor de los terrenos, que, como su nombre indica, es un impuesto que grava el incremento del valor de los terrenos.<\/p>\n<p>Si el vendedor de la propiedad es una empresa, tambi\u00e9n hay que pagar el habitual impuesto de sociedades (impuesto sobre la renta de la empresa) del 30% del beneficio.<\/p>\n<p>Sin embargo, si el propietario es una persona f\u00edsica, el beneficio de la venta de sus bienes est\u00e1 sujeto al impuesto sobre la renta. A este respecto, existen tipos impositivos diferentes para los residentes y los no residentes. En este caso, el beneficio se calcula a partir de la diferencia entre el precio de compra en su momento y el precio de venta actual.<\/p>\n<p>Estaremos encantados de proporcionarle informaci\u00f3n completa sobre los impuestos y asuntos legales relacionados con su propiedad en Mallorca.<\/p>\n<p>Private Property es su agente inmobiliario en Mallorca para un amplio asesoramiento fiscal y jur\u00eddico sobre los bienes inmuebles en Mallorca.[\/vc_column_text][vc_empty_space height=\u00bb50px\u00bb][vc_column_text css=\u00bb\u00bb]<\/p>\n<h3>Nuestro socio - sus asesores<\/h3>\n<p><img fetchpriority=\"high\" decoding=\"async\" class=\"alignright wp-image-338884 size-medium\" src=\"https:\/\/dev.privateproperty.immo\/wp-content\/uploads\/2021\/02\/european-300x178.jpg\" alt=\"\" width=\"300\" height=\"178\" srcset=\"https:\/\/staging.privatepropertymallorca.com\/wp-content\/uploads\/2021\/02\/european-300x178.jpg 300w, https:\/\/staging.privatepropertymallorca.com\/wp-content\/uploads\/2021\/02\/european.jpg 540w\" sizes=\"(max-width: 300px) 100vw, 300px\" \/>En Private Property Mallorca trabajamos con \u00e9xito con <a href=\"https:\/\/www.plattes.net\/\">Plattesgroup<\/a>.<\/p>\n<p>Con una experiencia en activos inmobiliarios gestionados de m\u00e1s de tres mil millones de euros, quince abogados, asesores fiscales, arquitectos y m\u00e1s de 50 empleados est\u00e1n disponibles para encontrar soluciones. Se elaborar\u00e1 una soluci\u00f3n transfronteriza adaptada a sus circunstancias y se aplicar\u00e1 profesionalmente. Nuestro socio tambi\u00e9n ha creado una amplia base de datos de conocimientos \u00abWillipedia\u00bb sobre derecho e impuestos en Espa\u00f1a. All\u00ed encontrar\u00e1, entre otras cosas, informaci\u00f3n sobre la necesidad y el proceso de una cuidadosa diligencia debida. Tambi\u00e9n puede utilizar calculadoras de impuestos para calcular las posibles cargas fiscales.<\/p>\n<p>Si est\u00e1 interesado, p\u00f3ngase en contacto con <a href=\"mailto:Yvonne.plattes@plattesgroup.net\">Yvonne.plattes@plattesgroup.net<\/a>[\/vc_column_text][vc_empty_space height=\u00bb50px\u00bb][\/vc_column][vc_column width=\u00bb1\/6&#8243;][\/vc_column][\/vc_row][vc_row][vc_column]<div id=\"ultimate-heading-447169df9f3b46986\" class=\"uvc-heading ult-adjust-bottom-margin ultimate-heading-447169df9f3b46986 uvc-838 \" data-hspacer=\"no_spacer\"  data-halign=\"center\" style=\"text-align:center\"><div class=\"uvc-heading-spacer no_spacer\" style=\"top\"><\/div><div class=\"uvc-main-heading ult-responsive\"  data-ultimate-target='.uvc-heading.ultimate-heading-447169df9f3b46986 h2'  data-responsive-json-new='{\"font-size\":\"\",\"line-height\":\"\"}' ><h2 style=\"font-weight:normal;margin-bottom:40px;\">Interesantes inmuebles<\/h2><\/div><\/div><div class=\"article_container\"><\/div>[\/vc_column][\/vc_row]<\/p>\n<\/div>","protected":false},"excerpt":{"rendered":"<p>[vc_row][vc_column][\/vc_column][\/vc_row][vc_row][vc_column width=\u00bb1\/6&#8243;][\/vc_column][vc_column width=\u00bb1\/3&#8243;][vc_column_text] Asesoramiento fiscal y jur\u00eddico para inmuebles en Mallorca Si desea adquirir una propiedad en Mallorca, ya sea &#8230;<\/p>\n","protected":false},"author":1,"featured_media":0,"parent":0,"menu_order":0,"comment_status":"closed","ping_status":"closed","template":"","meta":{"_seopress_robots_primary_cat":"","_seopress_titles_title":"","_seopress_titles_desc":"Si est\u00e1 pensando en comprar una propiedad en Mallorca, ya sea como vivienda principal o de vacaciones, es importante que busque asesoramiento profesional.","_seopress_robots_index":"","footnotes":""},"class_list":["post-474616","page","type-page","status-publish"],"_links":{"self":[{"href":"https:\/\/staging.privatepropertymallorca.com\/es\/wp-json\/wp\/v2\/pages\/474616","targetHints":{"allow":["GET"]}}],"collection":[{"href":"https:\/\/staging.privatepropertymallorca.com\/es\/wp-json\/wp\/v2\/pages"}],"about":[{"href":"https:\/\/staging.privatepropertymallorca.com\/es\/wp-json\/wp\/v2\/types\/page"}],"author":[{"embeddable":true,"href":"https:\/\/staging.privatepropertymallorca.com\/es\/wp-json\/wp\/v2\/users\/1"}],"replies":[{"embeddable":true,"href":"https:\/\/staging.privatepropertymallorca.com\/es\/wp-json\/wp\/v2\/comments?post=474616"}],"version-history":[{"count":0,"href":"https:\/\/staging.privatepropertymallorca.com\/es\/wp-json\/wp\/v2\/pages\/474616\/revisions"}],"wp:attachment":[{"href":"https:\/\/staging.privatepropertymallorca.com\/es\/wp-json\/wp\/v2\/media?parent=474616"}],"curies":[{"name":"wp","href":"https:\/\/api.w.org\/{rel}","templated":true}]}}