{"id":474613,"date":"2019-07-04T12:19:09","date_gmt":"2019-07-04T10:19:09","guid":{"rendered":"https:\/\/dev.privateproperty.immo\/pie-de-imprenta\/"},"modified":"2022-12-07T11:21:43","modified_gmt":"2022-12-07T10:21:43","slug":"pie-de-imprenta","status":"publish","type":"page","link":"https:\/\/staging.privatepropertymallorca.com\/es\/pie-de-imprenta\/","title":{"rendered":"Pie de imprenta"},"content":{"rendered":"<div class=\"wpb-content-wrapper\"><p>[vc_row][vc_column width=\u00bb1\/6&#8243;][\/vc_column][vc_column width=\u00bb2\/3&#8243;]<div id=\"ultimate-heading-781369dfa2889781e\" class=\"uvc-heading ult-adjust-bottom-margin ultimate-heading-781369dfa2889781e uvc-6822 \" data-hspacer=\"line_only\"  data-halign=\"center\" style=\"text-align:center\"><div class=\"uvc-main-heading ult-responsive\"  data-ultimate-target='.uvc-heading.ultimate-heading-781369dfa2889781e h2'  data-responsive-json-new='{\"font-size\":\"\",\"line-height\":\"\"}' ><h2 style=\"font-weight:normal;margin-top:50px;\">PIE DE IMPRENTA<\/h2><\/div><div class=\"uvc-heading-spacer line_only\" style=\"margin-top:30px;margin-bottom:40px;height:1px;\"><span class=\"uvc-headings-line\" style=\"border-style:solid;border-bottom-width:1px;border-color:#4d6b87;width:200px;\"><\/span><\/div><\/div>[\/vc_column][vc_column width=\u00bb1\/6&#8243;][\/vc_column][\/vc_row][vc_row][vc_column width=\u00bb1\/6&#8243;][\/vc_column][vc_column width=\u00bb1\/3&#8243;][vc_column_text]<\/p>\n<div class=\"page\" title=\"Page 2\">\n<div class=\"section\">\n<div class=\"layoutArea\">\n<div class=\"column\">\n<p>Private Property Mallorca<br \/>\nPersonal Property Consult, S.L.<br \/>\nGran Via Puig de Castellet 1,<br \/>\nBloque 6, Local 1<br \/>\n07180 Santa Ponsa \/ Mallorca<br \/>\nEspa\u00f1a<\/p>\n<h3>Representado por:<\/h3>\n<p>Andreas Dinges<\/p>\n<h3>Contacto<\/h3>\n<p>Tel\u00e9fono: +34 871 967 967<br \/>\nE-Mail: info@privatepropertymallorca.com<\/p>\n<h3>C.I.F.<\/h3>\n<p>ES B57368409<\/p>\n<\/div>\n<\/div>\n<\/div>\n<\/div>\n<p>[\/vc_column_text][\/vc_column][vc_column width=\u00bb1\/3&#8243;][vc_column_text]<\/p>\n<div class=\"page\" title=\"Page 2\">\n<div class=\"section\">\n<div class=\"layoutArea\">\n<div class=\"column\">\n<h3>Editor responsable<\/h3>\n<p>Sandra Dinges<br \/>\nGran Via Puig de Castellet 1,<br \/>\nBloque 6, Local 21<br \/>\n07180 Santa Ponsa \/ Mallorca<br \/>\nEspa\u00f1a<\/p>\n<h3>Resoluci\u00f3n de litigios en la UE<\/h3>\n<p>La Comisi\u00f3n Europea ofrece una plataforma para la resoluci\u00f3n de litigios en l\u00ednea (OS): https:\/\/ec.europa.eu\/consumers\/odr.<br \/>\nPuede encontrar nuestra direcci\u00f3n de correo electr\u00f3nico en el pie de imprenta de arriba.<\/p>\n<h3>Referencias de im\u00e1genes y gr\u00e1ficos<\/h3>\n<p>Marco Richter - <a href=\"https:\/\/www.marcorichterphotography.com\/\">Marco Richter Photography<\/a><br \/>\n<a href=\"mailto:florian@privatepropertymallorca.com\">Florian Bresa<\/a><br \/>\n<a href=\"https:\/\/de.fotolia.com\/\">https:\/\/de.fotolia.com\/<\/a><br \/>\n<a href=\"https:\/\/www.agefotostock.com\">https:\/\/www.agefotostock.com<\/a><\/p>\n<\/div>\n<\/div>\n<\/div>\n<\/div>\n<p>[\/vc_column_text][\/vc_column][vc_column width=\u00bb1\/6&#8243;][\/vc_column][\/vc_row][vc_row][vc_column width=\u00bb1\/6&#8243;][\/vc_column][vc_column width=\u00bb2\/3&#8243;][vc_empty_space height=\u00bb50px\u00bb][vc_column_text]<\/p>\n<h3>Responsabilidad por el contenido<\/h3>\n<p>Como proveedor de servicios, somos responsables de nuestro propio contenido en estas p\u00e1ginas de acuerdo con las leyes generales. Sin embargo, como proveedor de servicios no estamos obligados a controlar la informaci\u00f3n transmitida o almacenada de terceros ni a investigar circunstancias que indiquen una actividad ilegal.<br \/>\nLas obligaciones de eliminar o bloquear el uso de la informaci\u00f3n seg\u00fan las leyes generales no se ven afectadas por esto. Sin embargo, la responsabilidad a este respecto s\u00f3lo es posible a partir del momento en que se conoce una infracci\u00f3n concreta de la ley. Si tenemos conocimiento de tales infracciones, eliminaremos el contenido correspondiente inmediatamente.<\/p>\n<h3>Responsabilidad de los enlaces<\/h3>\n<p>Nuestra oferta contiene enlaces a p\u00e1ginas web externas de terceros, sobre cuyos contenidos no tenemos ninguna influencia. Por lo tanto, no podemos asumir ninguna responsabilidad por estos contenidos externos. El proveedor u operador de las p\u00e1ginas es siempre responsable del contenido de las p\u00e1ginas enlazadas. Las p\u00e1ginas enlazadas fueron revisadas para detectar posibles infracciones legales en el momento de enlazarlas. Los contenidos ilegales no eran reconocibles en el momento de la vinculaci\u00f3n.<br \/>\nSin embargo, un control permanente de los contenidos de las p\u00e1ginas enlazadas no es razonable sin pruebas concretas de una violaci\u00f3n de la ley. Si tenemos conocimiento de alguna infracci\u00f3n, eliminaremos dichos enlaces inmediatamente.<\/p>\n<h3>Copyright<\/h3>\n<p>Los contenidos y obras creados por los operadores del sitio en estas p\u00e1ginas est\u00e1n sujetos a la legislaci\u00f3n alemana sobre derechos de autor. La reproducci\u00f3n, el tratamiento, la distribuci\u00f3n y cualquier tipo de explotaci\u00f3n fuera de los l\u00edmites de los derechos de autor requieren el consentimiento por escrito del respectivo autor o creador. Las descargas y copias de este sitio s\u00f3lo se permiten para uso privado y no comercial.<br \/>\nEn la medida en que el contenido de este sitio no haya sido creado por el operador, se respetan los derechos de autor de terceros. En particular, los contenidos de terceros se identifican como tales. No obstante, si tiene conocimiento de una infracci\u00f3n de los derechos de autor, le rogamos que nos informe al respecto. Si tenemos conocimiento de alguna infracci\u00f3n, eliminaremos dicho contenido inmediatamente.[\/vc_column_text][vc_empty_space height=\u00bb50px\u00bb][\/vc_column][vc_column width=\u00bb1\/6&#8243;][\/vc_column][\/vc_row]<\/p>\n<\/div>","protected":false},"excerpt":{"rendered":"<p>[vc_row][vc_column width=\u00bb1\/6&#8243;][\/vc_column][vc_column width=\u00bb2\/3&#8243;][\/vc_column][vc_column width=\u00bb1\/6&#8243;][\/vc_column][\/vc_row][vc_row][vc_column width=\u00bb1\/6&#8243;][\/vc_column][vc_column width=\u00bb1\/3&#8243;][vc_column_text] Private Property Mallorca Personal Property Consult, S.L. Gran Via Puig de Castellet 1, Bloque &#8230;<\/p>\n","protected":false},"author":1,"featured_media":0,"parent":0,"menu_order":101,"comment_status":"closed","ping_status":"closed","template":"","meta":{"_seopress_robots_primary_cat":"","_seopress_titles_title":"","_seopress_titles_desc":"Private Property Mallorca\r\nPersonal Property Consult, S.L.\r\nGran Via Puig de Castellet 1,\r\nBloque 6, Local 1\r\n07180 Santa Ponsa \/ Mallorca\r\nEspa\u00f1a","_seopress_robots_index":"","footnotes":""},"class_list":["post-474613","page","type-page","status-publish"],"_links":{"self":[{"href":"https:\/\/staging.privatepropertymallorca.com\/es\/wp-json\/wp\/v2\/pages\/474613","targetHints":{"allow":["GET"]}}],"collection":[{"href":"https:\/\/staging.privatepropertymallorca.com\/es\/wp-json\/wp\/v2\/pages"}],"about":[{"href":"https:\/\/staging.privatepropertymallorca.com\/es\/wp-json\/wp\/v2\/types\/page"}],"author":[{"embeddable":true,"href":"https:\/\/staging.privatepropertymallorca.com\/es\/wp-json\/wp\/v2\/users\/1"}],"replies":[{"embeddable":true,"href":"https:\/\/staging.privatepropertymallorca.com\/es\/wp-json\/wp\/v2\/comments?post=474613"}],"version-history":[{"count":0,"href":"https:\/\/staging.privatepropertymallorca.com\/es\/wp-json\/wp\/v2\/pages\/474613\/revisions"}],"wp:attachment":[{"href":"https:\/\/staging.privatepropertymallorca.com\/es\/wp-json\/wp\/v2\/media?parent=474613"}],"curies":[{"name":"wp","href":"https:\/\/api.w.org\/{rel}","templated":true}]}}