{"id":474610,"date":"2021-02-10T12:53:39","date_gmt":"2021-02-10T11:53:39","guid":{"rendered":"https:\/\/dev.privateproperty.immo\/partner\/"},"modified":"2022-12-07T10:57:52","modified_gmt":"2022-12-07T09:57:52","slug":"partner","status":"publish","type":"page","link":"https:\/\/staging.privatepropertymallorca.com\/es\/partner\/","title":{"rendered":"Partner"},"content":{"rendered":"<div class=\"wpb-content-wrapper\"><p>[vc_row][vc_column width=\u00bb1\/6&#8243;][\/vc_column][vc_column width=\u00bb2\/3&#8243;]<div id=\"ultimate-heading-657269e22ba1f1b61\" class=\"uvc-heading ult-adjust-bottom-margin ultimate-heading-657269e22ba1f1b61 uvc-8265 \" data-hspacer=\"line_only\"  data-halign=\"center\" style=\"text-align:center\"><div class=\"uvc-main-heading ult-responsive\"  data-ultimate-target='.uvc-heading.ultimate-heading-657269e22ba1f1b61 h1'  data-responsive-json-new='{\"font-size\":\"\",\"line-height\":\"\"}' ><h1 style=\"font-weight:normal;margin-top:80px;\">NUESTROS COLABORADORES<\/h1><\/div><div class=\"uvc-heading-spacer line_only\" style=\"margin-top:30px;margin-bottom:40px;height:1px;\"><span class=\"uvc-headings-line\" style=\"border-style:solid;border-bottom-width:1px;border-color:#4d6b87;width:200px;\"><\/span><\/div><\/div>[vc_wp_text]Gracias a nuestra larga experiencia en Mallorca, hemos podido crear una amplia red de socios colaboradores que nos gustar\u00eda recomendarle.<br \/>\nHoteles de finca, restaurantes, clubes de playa, corredores de yates, seguros, muebles o alquileres de vacaciones - Private Property Mallorca ofrece el socio adecuado.[\/vc_wp_text]<div class=\"spacer\" style=\"height:80px;\"><\/div>[\/vc_column][vc_column width=\u00bb1\/6&#8243;][\/vc_column][\/vc_row][vc_row full_width=\u00bbstretch_row_content_no_spaces\u00bb gap=\u00bb10&#8243; equal_height=\u00bbyes\u00bb content_placement=\u00bbmiddle\u00bb][vc_column width=\u00bb1\/4&#8243;][vc_hoverbox image=\u00bb338879&#8243; primary_title=\u00bb\u00bb hover_title=\u00bbInselradio Mallorca\u00bb el_width=\u00bb70&#8243; hover_btn_title=\u00bbinselradio.com\u00bb hover_btn_size=\u00bbsm\u00bb hover_add_button=\u00bbtrue\u00bb hover_btn_link=\u00bburl:https%3A%2F%2Fwww.inselradio.com|target:_blank|\u00bb el_class=\u00bbpartnerbox\u00bb]<\/p>\n<h5>Entre las emisoras de radio en lengua alemana de Espa\u00f1a, Inselradio es la m\u00e1s exitosa.<\/h5>\n<p>[\/vc_hoverbox][\/vc_column][vc_column width=\u00bb1\/4&#8243;][vc_hoverbox image=\u00bb338907&#8243; primary_title=\u00bb\u00bb hover_title=\u00bbLion Controls\u00bb el_width=\u00bb70&#8243; hover_btn_title=\u00bblioncontrols.co.uk\u00bb hover_add_button=\u00bbtrue\u00bb hover_btn_link=\u00bburl:http%3A%2F%2Flioncontrols.co.uk|target:_blank|\u00bb el_class=\u00bbpartnerbox\u00bb]Lion Controls es especialista en soluciones de integraci\u00f3n de audio y v\u00eddeo de gama alta. Desde el control de la iluminaci\u00f3n hasta la m\u00fasica en varias habitaciones, pasando por un espectacular cine en casa.[\/vc_hoverbox][\/vc_column][vc_column width=\u00bb1\/4&#8243;][vc_hoverbox image=\u00bb338883&#8243; primary_title=\u00bb\u00bb hover_title=\u00bbLuxus Liegenschaften\u00bb el_width=\u00bb70&#8243; hover_btn_title=\u00bbluxus-liegenschaften.de\u00bb hover_add_button=\u00bbtrue\u00bb hover_btn_link=\u00bburl:https%3A%2F%2Fwww.luxus-liegenschaften.de|target:_blank|\u00bb]Click edit button to change this text. Lorem ipsum dolor sit amet, consectetur adipiscing elit. Ut elit tellus, luctus nec ullamcorper mattis, pulvinar dapibus leo.Click edit button to change this text.[\/vc_hoverbox][\/vc_column][vc_column width=\u00bb1\/4&#8243;][vc_hoverbox image=\u00bb552267&#8243; primary_title=\u00bb\u00bb hover_title=\u00bbEuropean Accounting\u00bb el_width=\u00bb70&#8243; hover_btn_title=\u00bbeuropeanaccounting.net\u00bb hover_add_button=\u00bbtrue\u00bb hover_btn_link=\u00bburl:https%3A%2F%2Feuropeanaccounting.plattes.net|target:_blank|\u00bb el_class=\u00bbpartnerbox\u00bb]\u00bbTodas las personas son inteligentes, algunas antes y otras despu\u00e9s. Aprovecha la experiencia de un volumen de transacciones que supera ampliamente los tres mil millones de euros\u00bb.[\/vc_hoverbox][\/vc_column][\/vc_row][vc_row full_width=\u00bbstretch_row_content_no_spaces\u00bb gap=\u00bb10&#8243; equal_height=\u00bbyes\u00bb][vc_column width=\u00bb1\/4&#8243;][vc_hoverbox image=\u00bb338856&#8243; primary_title=\u00bb\u00bb hover_title=\u00bbCastel Miquel\u00bb el_width=\u00bb70&#8243; hover_btn_title=\u00bbcastellmiquel.com\u00bb hover_add_button=\u00bbtrue\u00bb hover_btn_link=\u00bburl:https%3A%2F%2Fcastellmiquel.com|target:_blank|\u00bb el_class=\u00bbpartnerbox\u00bb]Click edit button to change this text. Lorem ipsum dolor sit amet, consectetur adipiscing elit. Ut elit tellus, luctus nec ullamcorper mattis, pulvinar dapibus leo.Click edit button to change this text.[\/vc_hoverbox][\/vc_column][vc_column width=\u00bb1\/4&#8243;][vc_hoverbox image=\u00bb586176&#8243; primary_title=\u00bb\u00bb hover_title=\u00bbPODENCO MARKETING\u00bb el_width=\u00bb70&#8243; hover_btn_title=\u00bbpodenco-marketing.de\u00bb hover_add_button=\u00bbtrue\u00bb hover_btn_link=\u00bburl:https%3A%2F%2Fwww.podenco-marketing.de|target:_blank|\u00bb el_class=\u00bbpartnerbox\u00bb]Desarrollamos estrategias y conceptos de marketing individuales para su marketing en l\u00ednea. Nos centramos en la visi\u00f3n hol\u00edstica de su empresa.[\/vc_hoverbox][\/vc_column][vc_column width=\u00bb1\/4&#8243;][vc_hoverbox image=\u00bb338880&#8243; primary_title=\u00bb\u00bb hover_title=\u00bbIberia\u00bb el_width=\u00bb70&#8243; hover_btn_title=\u00bbiberiaversicherungsmakler.com\u00bb hover_add_button=\u00bbtrue\u00bb hover_btn_link=\u00bburl:https%3A%2F%2Fwww.iberiaversicherungsmakler.com|\u00bb el_class=\u00bbpartnerbox\u00bb]Click edit button to change this text. Lorem ipsum dolor sit amet, consectetur adipiscing elit. Ut elit tellus, luctus nec ullamcorper mattis, pulvinar dapibus leo.Click edit button to change this text.[\/vc_hoverbox][\/vc_column][vc_column width=\u00bb1\/4&#8243;][vc_hoverbox image=\u00bb338930&#8243; primary_title=\u00bb\u00bb hover_title=\u00bbXCLUSIVE\u00bb el_width=\u00bb70&#8243; hover_btn_title=\u00bbxclusivemallorca.com\u00bb hover_add_button=\u00bbtrue\u00bb hover_btn_link=\u00bburl:https%3A%2F%2Fwww.xclusivemallorca.com|target:_blank|\u00bb el_class=\u00bbpartnerbox\u00bb]Ofrecemos una amplia gama de servicios, como gesti\u00f3n de propiedades, servicio de mayordomo y chef privado, servicio de cerrajer\u00eda, servicio de aviaci\u00f3n y limusinas, cuidado y mantenimiento de villas, etc.[\/vc_hoverbox][\/vc_column][\/vc_row][vc_row full_width=\u00bbstretch_row_content_no_spaces\u00bb gap=\u00bb10&#8243; equal_height=\u00bbyes\u00bb][vc_column width=\u00bb1\/4&#8243;][vc_hoverbox image=\u00bb338906&#8243; primary_title=\u00bb\u00bb hover_title=\u00bbintermobel\u00bb el_width=\u00bb70&#8243; hover_btn_title=\u00bbintermobel.es\/de\u00bb hover_add_button=\u00bbtrue\u00bb hover_btn_link=\u00bburl:https%3A%2F%2Fwww.intermobel.es%2Fde|target:_blank|\u00bb]Imag\u00ednese un lugar donde pueda encontrar no s\u00f3lo muebles para el sal\u00f3n y la terraza, cortinas, ropa de cama, alfombras e iluminaci\u00f3n, sino tambi\u00e9n asesoramiento profesional en materia de dise\u00f1o de interiores. Con m\u00e1s de 10.000 m\u00b2 de espacio de exposici\u00f3n en varias tiendas de muebles como Santa Ponsa y Manacor.[\/vc_hoverbox][\/vc_column][vc_column width=\u00bb1\/4&#8243;][vc_hoverbox image=\u00bb338911&#8243; primary_title=\u00bb\u00bb hover_title=\u00bbunikatoo\u00bb el_width=\u00bb70&#8243; hover_btn_title=\u00bbunikatoo.com\u00bb hover_add_button=\u00bbtrue\u00bb hover_btn_link=\u00bburl:https%3A%2F%2Fwww.unikatoo.com|target:_blank|\u00bb]El mercado l\u00edder de piezas \u00fanicas, ediciones limitadas y art\u00edculos excepcionales de todo el mundo, seleccionados con pasi\u00f3n por lo extraordinario - \u00a1Unikatoo![\/vc_hoverbox][\/vc_column][vc_column width=\u00bb1\/4&#8243;][vc_hoverbox image=\u00bb338893&#8243; primary_title=\u00bb\u00bb hover_title=\u00bbEspacio Bang &amp; Olufsen\u00bb el_width=\u00bb70&#8243; hover_btn_title=\u00bbespacioscena.com\u00bb hover_add_button=\u00bbtrue\u00bb hover_btn_link=\u00bburl:https%3A%2F%2Fwww.espacioscena.com%2Fde%2Fespacio-bang-olufsen%2F|target:_blank|\u00bb]Click edit button to change this text. Lorem ipsum dolor sit amet, consectetur adipiscing elit. Ut elit tellus, luctus nec ullamcorper mattis, pulvinar dapibus leo.Click edit button to change this text.[\/vc_hoverbox][\/vc_column][vc_column width=\u00bb1\/4&#8243;][vc_hoverbox image=\u00bb338913&#8243; primary_title=\u00bb\u00bb hover_title=\u00bbwelltherm\u00bb el_width=\u00bb70&#8243; hover_btn_title=\u00bbwelltherm.de\u00bb hover_add_button=\u00bbtrue\u00bb hover_btn_link=\u00bburl:https%3A%2F%2Fwelltherm.de%2Fvertriebspunkt-mallorca.php|target:_blank|\u00bb]Click edit button to change this text. Lorem ipsum dolor sit amet, consectetur adipiscing elit. Ut elit tellus, luctus nec ullamcorper mattis, pulvinar dapibus leo.Click edit button to change this text.[\/vc_hoverbox][\/vc_column][\/vc_row][vc_row full_width=\u00bbstretch_row_content_no_spaces\u00bb gap=\u00bb10&#8243; equal_height=\u00bbyes\u00bb][vc_column width=\u00bb1\/4&#8243;][\/vc_column][vc_column width=\u00bb1\/4&#8243;][vc_hoverbox image=\u00bb338857&#8243; primary_title=\u00bb\u00bb hover_title=\u00bbcleanwave.org\u00bb el_width=\u00bb70&#8243; hover_btn_title=\u00bbcleanwave.org\u00bb hover_add_button=\u00bbtrue\u00bb hover_btn_link=\u00bburl:https%3A%2F%2Fwww.cleanwave.org|target:_blank|\u00bb]Click edit button to change this text. Lorem ipsum dolor sit amet, consectetur adipiscing elit. Ut elit tellus, luctus nec ullamcorper mattis, pulvinar dapibus leo.Click edit button to change this text.[\/vc_hoverbox][\/vc_column][vc_column width=\u00bb1\/4&#8243;][vc_hoverbox image=\u00bb338901&#8243; primary_title=\u00bb\u00bb hover_title=\u00bbPonderosa Beach\u00bb el_width=\u00bb70&#8243; hover_btn_title=\u00bbponderosabeach.com\u00bb hover_add_button=\u00bbtrue\u00bb hover_btn_link=\u00bburl:https%3A%2F%2Fwww.ponderosabeach.com|target:_blank|\u00bb]Ponderosa Beach se encuentra en la Playa de Muro, en las inmediaciones de Can Picafort. El restaurante de estilo ibicenco est\u00e1 situado directamente en la playa y es conocido por su excelente cocina.[\/vc_hoverbox][\/vc_column][vc_column width=\u00bb1\/4&#8243;][vc_hoverbox image=\u00bb338926&#8243; primary_title=\u00bb\u00bb hover_title=\u00bbGerlach Private Catering\u00bb el_width=\u00bb70&#8243; hover_btn_title=\u00bbmatthias-gerlach\u00bb hover_add_button=\u00bbtrue\u00bb hover_btn_link=\u00bburl:https%3A%2F%2Fwww.linkedin.com%2Fin%2Fmatthias-gerlach-4551a6197%2F%3ForiginalSubdomain%3Des|\u00bb]Click edit button to change this text. Lorem ipsum dolor sit amet, consectetur adipiscing elit. Ut elit tellus, luctus nec ullamcorper mattis, pulvinar dapibus leo.Click edit button to change this text.[\/vc_hoverbox][\/vc_column][\/vc_row]<\/p>\n<\/div>","protected":false},"excerpt":{"rendered":"<p>[vc_row][vc_column width=\u00bb1\/6&#8243;][\/vc_column][vc_column width=\u00bb2\/3&#8243;][vc_wp_text]Gracias a nuestra larga experiencia en Mallorca, hemos podido crear una amplia red de socios colaboradores que nos &#8230;<\/p>\n","protected":false},"author":1,"featured_media":0,"parent":0,"menu_order":0,"comment_status":"closed","ping_status":"closed","template":"","meta":{"_seopress_robots_primary_cat":"","_seopress_titles_title":"","_seopress_titles_desc":"Debido a nuestra larga experiencia en Mallorca, hemos sido capaces de construir una gran red de socios de cooperaci\u00f3n que nos gustar\u00eda recomendarle.","_seopress_robots_index":"","footnotes":""},"class_list":["post-474610","page","type-page","status-publish"],"_links":{"self":[{"href":"https:\/\/staging.privatepropertymallorca.com\/es\/wp-json\/wp\/v2\/pages\/474610","targetHints":{"allow":["GET"]}}],"collection":[{"href":"https:\/\/staging.privatepropertymallorca.com\/es\/wp-json\/wp\/v2\/pages"}],"about":[{"href":"https:\/\/staging.privatepropertymallorca.com\/es\/wp-json\/wp\/v2\/types\/page"}],"author":[{"embeddable":true,"href":"https:\/\/staging.privatepropertymallorca.com\/es\/wp-json\/wp\/v2\/users\/1"}],"replies":[{"embeddable":true,"href":"https:\/\/staging.privatepropertymallorca.com\/es\/wp-json\/wp\/v2\/comments?post=474610"}],"version-history":[{"count":0,"href":"https:\/\/staging.privatepropertymallorca.com\/es\/wp-json\/wp\/v2\/pages\/474610\/revisions"}],"wp:attachment":[{"href":"https:\/\/staging.privatepropertymallorca.com\/es\/wp-json\/wp\/v2\/media?parent=474610"}],"curies":[{"name":"wp","href":"https:\/\/api.w.org\/{rel}","templated":true}]}}