{"id":474605,"date":"2020-09-02T11:31:38","date_gmt":"2020-09-02T09:31:38","guid":{"rendered":"https:\/\/dev.privateproperty.immo\/contacto\/"},"modified":"2025-02-26T09:58:02","modified_gmt":"2025-02-26T08:58:02","slug":"contacto","status":"publish","type":"page","link":"https:\/\/staging.privatepropertymallorca.com\/es\/contacto\/","title":{"rendered":"Contacto"},"content":{"rendered":"<div class=\"wpb-content-wrapper\"><p>[vc_row][vc_column]<div id=\"ultimate-heading-60269df9f3f2bde5\" class=\"uvc-heading ult-adjust-bottom-margin ultimate-heading-60269df9f3f2bde5 uvc-8138 \" data-hspacer=\"line_only\"  data-halign=\"center\" style=\"text-align:center\"><div class=\"uvc-main-heading ult-responsive\"  data-ultimate-target='.uvc-heading.ultimate-heading-60269df9f3f2bde5 h1'  data-responsive-json-new='{\"font-size\":\"\",\"line-height\":\"\"}' ><h1 style=\"font-weight:normal;margin-top:120px;\">Contacto<\/h1><\/div><div class=\"uvc-heading-spacer line_only\" style=\"margin-top:30px;margin-bottom:80px;height:1px;\"><span class=\"uvc-headings-line\" style=\"border-style:solid;border-bottom-width:1px;border-color:#4d6b87;width:200px;\"><\/span><\/div><\/div>[\/vc_column][\/vc_row][vc_row bg_type=\u00bbbg_color\u00bb css=\u00bb.vc_custom_1607524723722{margin-top: 15px !important;margin-right: 5px !important;margin-left: 5px !important;}\u00bb bg_color_value=\u00bb#ffffff\u00bb][vc_column width=\u00bb1\/4&#8243;][vc_column_text css=\u00bb\u00bb]Le escuchamos.<\/p>\n<p>Si usted tiene alguna pregunta sobre la compra o venta de propiedades en Mallorca, nos encantar\u00eda saber de usted.<\/p>\n<p>Puede ponerse en contacto con nosotros para una reuni\u00f3n personal en nuestras oficina de Santa Ponsa o a trav\u00e9s de<\/p>\n<p>WhatsApp en el +34 602 681 704.<\/p>\n<p>Tambi\u00e9n puede enviarnos un correo electr\u00f3nico a trav\u00e9s del formulario de contacto o directamente a info@privatepropertymallorca.com. Nos pondremos en contacto con usted lo antes posible.<\/p>\n<p>Rellene los campos marcados con (*). Sus datos se tratar\u00e1n confidencialmente y no se transmitir\u00e1n a terceros.[\/vc_column_text][\/vc_column][vc_column width=\u00bb1\/2&#8243;][vc_wp_text]<div data-uniq='69df9f3f2c5c3' class='uniq-69df9f3f2c5c3 formcraft-css form-live align-left'><div style='display: none' class='pre-populate-data'>{&quot;field4&quot;:[&quot;&quot;],&quot;field5&quot;:&quot;&quot;,&quot;field6&quot;:[&quot;&quot;],&quot;field10&quot;:&quot;&quot;,&quot;field11&quot;:&quot;&quot;}<\/div><style type='text\/css' scoped='scoped'>.even {background-color: #fff !important;}\n.form-element-field9 .sub-label-true {display:none;}\n.form-element-field9 .form-element-html, .form-element-field6 .form-element-html {padding-bottom:0 !important;}\nhtml .formcraft-css .fc-form .form-element .checkbox-cover>div label input {margin-right: 1em;}<\/style><script> window.formcraftLogic = window.formcraftLogic || {}; window.formcraftLogic[15] = []; <\/script><div class=\"fc-pagination-cover fc-pagination-1\">\n\t\t\t\t<div class=\"fc-pagination width-100\">\n\t\t\t\t\t<!-- ngRepeat: page in Builder.FormElements track by $index --><div class=\"pagination-trigger \" data-index=\"0\">\n\t\t\t\t\t\t<span class=\"page-number\"><span >1<\/span><\/span>\n\t\t\t\t\t\t<span class=\"page-name \">Step 1<\/span>\n\t\t\t\t\t\t\n\t\t\t\t\t<\/div><!-- end ngRepeat: page in Builder.FormElements track by $index -->\n\t\t\t\t<\/div>\n\t\t\t<\/div>\n\t\t\t\n\t\t\t<style scoped=\"scoped\" >\n\t\t\t@media (max-width : 480px) {\n\t\t\t\t.fc_modal-dialog-15 .fc-pagination-cover .fc-pagination\n\t\t\t\t{\n\t\t\t\t\tbackground-color: white !important;\n\t\t\t\t}\n\t\t\t}\n\t\t\t\t\t\t.formcraft-css .fc-form.fc-form-15 .form-element .submit-cover .submit-button,\n\t\t\t.formcraft-css .fc-form.fc-form-15 .form-element .fileupload-cover .button-file,\n\t\t\t.formcraft-css .fc-form.fc-form-15 .form-element .field-cover .button,\n\t\t\t.formcraft-datepicker .ui-datepicker-header,\n\t\t\t.formcraft-datepicker .ui-datepicker-title\n\t\t\t{\n\t\t\t\tbackground: #b39b77;\n\t\t\t\tcolor: #fff;\n\t\t\t}\n\t\t\t.formcraft-datepicker td .ui-state-active,\n\t\t\t.formcraft-datepicker td .ui-state-hover,\n\t\t\t.formcraft-css .fc-form.fc-form-15 .form-element .slider-cover .ui-slider-range\n\t\t\t{\n\t\t\t\tbackground: #b39b77;\n\t\t\t}\n\t\t\t#ui-datepicker-div.formcraft-datepicker .ui-datepicker-header,\n\t\t\t.formcraft-css .fc-form .field-cover>div.full hr\n\t\t\t{\n\t\t\t\tborder-color: #9d8868;\n\t\t\t}\n\t\t\t#ui-datepicker-div.formcraft-datepicker .ui-datepicker-prev:hover,\n\t\t\t#ui-datepicker-div.formcraft-datepicker .ui-datepicker-next:hover,\n\t\t\t#ui-datepicker-div.formcraft-datepicker select.ui-datepicker-month:hover,\n\t\t\t#ui-datepicker-div.formcraft-datepicker select.ui-datepicker-year:hover\n\t\t\t{\n\t\t\t\tbackground-color: #9d8868;\n\t\t\t}\n\t\t\t.formcraft-css .fc-pagination>div.active .page-number,\n\t\t\t.formcraft-css .form-cover-builder .fc-pagination>div:first-child .page-number\n\t\t\t{\n\t\t\t\tbackground-color: #4d6b87;\n\t\t\t\tcolor: #fff;\n\t\t\t}\n\t\t\t#ui-datepicker-div.formcraft-datepicker table.ui-datepicker-calendar th,\n\t\t\t#ui-datepicker-div.formcraft-datepicker table.ui-datepicker-calendar td.ui-datepicker-today a,\n\t\t\t.formcraft-css .fc-form.fc-form-15 .form-element .star-cover label,\n\t\t\thtml .formcraft-css .fc-form.label-floating .form-element .field-cover.has-focus>span,\n\t\t\t.formcraft-css .fc-form.fc-form-15 .form-element .customText-cover a,\n\t\t\t.formcraft-css .prev-next>div span:hover\n\t\t\t{\n\t\t\t\tcolor: #b39b77;\n\t\t\t}\n\t\t\t.formcraft-css .fc-form.fc-form-15 .form-element .customText-cover a:hover\n\t\t\t{\n\t\t\t\tcolor: #9d8868;\n\t\t\t}\n\t\t\thtml .formcraft-css .fc-form.fc-form-15.label-floating .form-element .field-cover > span\n\t\t\t{\n\t\t\t\tcolor: #666666;\n\t\t\t}\n\t\t\thtml .formcraft-css .fc-form .final-success .final-success-check {\n\t\t\t\tborder: 2px solid #666666;\n\t\t\t}\n\t\t\t.formcraft-css .fc-form.fc-form-15 .form-element .field-cover input[type=\"text\"],\n\t\t\t.formcraft-css .fc-form.fc-form-15 .form-element .field-cover input[type=\"email\"],\n\t\t\t.formcraft-css .fc-form.fc-form-15 .form-element .field-cover input[type=\"password\"],\n\t\t\t.formcraft-css .fc-form.fc-form-15 .form-element .field-cover input[type=\"tel\"],\n\t\t\t.formcraft-css .fc-form.fc-form-15 .form-element .field-cover textarea,\n\t\t\t.formcraft-css .fc-form.fc-form-15 .form-element .field-cover select,\n\t\t\t.formcraft-css .fc-form.fc-form-15 .form-element .field-cover .time-fields-cover,\n\t\t\t.formcraft-css .fc-form.fc-form-15 .form-element .field-cover .awesomplete ul\n\t\t\t{\n\t\t\t\tcolor: #777;\n\t\t\t}\n\t\t\t.formcraft-css .fc-form.fc-form-15 .form-element .field-cover input[type=\"text\"],\n\t\t\t.formcraft-css .fc-form.fc-form-15 .form-element .field-cover input[type=\"password\"],\n\t\t\t.formcraft-css .fc-form.fc-form-15 .form-element .field-cover input[type=\"email\"],\n\t\t\t.formcraft-css .fc-form.fc-form-15 .form-element .field-cover input[type=\"radio\"],\n\t\t\t.formcraft-css .fc-form.fc-form-15 .form-element .field-cover input[type=\"checkbox\"],\n\t\t\t.formcraft-css .fc-form.fc-form-15 .form-element .field-cover input[type=\"tel\"],\n\t\t\t.formcraft-css .fc-form.fc-form-15 .form-element .field-cover select,\n\t\t\t.formcraft-css .fc-form.fc-form-15 .form-element .field-cover textarea\n\t\t\t{\n\t\t\t\tbackground-color: #fafafa;\n\t\t\t}\n\t\t\t.formcraft-css .fc-form.fc-form-15 .form-element .field-cover input[type=\"radio\"]:checked,\n\t\t\t.formcraft-css .fc-form.fc-form-15 .form-element .field-cover input[type=\"checkbox\"]:checked {\n\t\t\t\tborder-color: #9d8868;\n\t\t\t\tbackground: #b39b77;\t\t\t\t\n\t\t\t}\n\t\t\t.formcraft-css .fc-form.fc-form-15 .form-element .star-cover label .star\n\t\t\t{\n\t\t\t\ttext-shadow: 0px 1px 0px #9d8868;\n\t\t\t}\n\t\t\t.formcraft-css .fc-form.fc-form-15 .form-element .slider-cover .ui-slider-range\n\t\t\t{\n\t\t\t\tbox-shadow: 0px 1px 1px #9d8868 inset;\n\t\t\t}\n\t\t\t.formcraft-css .fc-form.fc-form-15 .form-element .fileupload-cover .button-file\n\t\t\t{\n\t\t\t\tborder-color: #9d8868;\n\t\t\t}\n\t\t\t.formcraft-css .fc-form.fc-form-15 .form-element .form-element-html input[type=\"password\"]:focus,\n\t\t\t.formcraft-css .fc-form.fc-form-15 .form-element .form-element-html input[type=\"email\"]:focus,\n\t\t\t.formcraft-css .fc-form.fc-form-15 .form-element .form-element-html input[type=\"tel\"]:focus,\n\t\t\t.formcraft-css .fc-form.fc-form-15 .form-element .form-element-html input[type=\"text\"]:focus,\n\t\t\t.formcraft-css .fc-form.fc-form-15 .form-element .form-element-html textarea:focus,\n\t\t\t.formcraft-css .fc-form.fc-form-15 .form-element .form-element-html select:focus\n\t\t\t{\n\t\t\t\tborder-color: #b39b77;\n\t\t\t}\n\t\t\t.formcraft-css .fc-form.fc-form-15 .form-element .form-element-html .field-cover .is-read-only:focus {\n\t\t\t\tborder-color: #ccc;\n\t\t\t}\n\t\t\t.formcraft-css .fc-form.fc-form-15\t\t\t{\n\t\t\t\tfont-family: Ubuntu;\n\t\t\t}\n\t\t\t@media (max-width : 480px) {\n\t\t\t\thtml .dedicated-page,\n\t\t\t\thtml .dedicated-page .formcraft-css .fc-pagination > div.active\n\t\t\t\t{\n\t\t\t\t\tbackground: white;\n\t\t\t\t}\n\t\t\t}\n\t\t<\/style>\n\t\t<div class=\"form-cover\">\n\t\t\t<form data-auto-scroll=\"\" data-no-message-redirect=\"\" data-thousand=\"\" data-decimal=\".\" data-delay=\"\" data-id=\"15\" class=\"fc-form fc-form-15 align- fc-temp-class save-form- dont-submit-hidden- disable-enter- label-floating field-border-visible frame-visible remove-asterisk-false icons-hide-false field-alignment-left\" style=\"width: 100%; color: #666666; font-size: 100%; background: white\">\n\t\t\t\t<!-- ngRepeat: page in Builder.FormElements track by $index --><div class=\"form-page form-page-0\" data-index=\"0\">\n\t\t\t\t\t\n\t\t\t\t\t<div class=\"form-page-content      ng-not-empty\">\n\t\t\t\t\t\t<div data-identifier=\"field4\" data-index=\"0\" style=\"width: 100%\" class=\" form-element form-element-field4 options-false form-element-0 default-false form-element-type-oneLineText is-required-true odd -handle\">\n\t\t\t\t\t\t\t<div class=\"form-element-html\"><div ><label class=\"oneLineText-cover field-cover \"><span class=\"sub-label-true\"><span class=\"main-label\"><span >Nombre y apellidos<\/span><\/span><span class=\"sub-label\"><span >your full name<\/span><\/span><\/span><div><span class=\"error\"><\/span><input type=\"text\" placeholder=\"\" make-read-only=\"false\" data-field-id=\"field4\" name=\"field4[]\" data-min-char=\"\" data-max-char=\"\" data-val-type=\"\" data-regexp=\"\" data-is-required=\"true\" data-allow-spaces=\"true\" class=\"validation-lenient\" data-placement=\"right\" data-toggle=\"tooltip\" tooltip=\"\" data-trigger=\"focus\" data-html=\"true\" data-input-mask=\"\" data-mask-placeholder=\"\" data-original-title=\"\"><i class=\"formcraft-icon formcraft-icon-type-account_circle\">account_circle<\/i><\/div><\/label><\/div><\/div>\n\t\t\t\t\t\t\t\n\t\t\t\t\t\t<\/div><div data-identifier=\"field5\" data-index=\"1\" style=\"width: 100%\" class=\" even form-element form-element-field5 options-false form-element-1 default-false form-element-type-email is-required-true -handle\">\n\t\t\t\t\t\t\t<div class=\"form-element-html\"><div ><label class=\"email-cover field-cover \"><span class=\"sub-label-true\"><span class=\"main-label\"><span >correo electr\u00f3nico<\/span><\/span><span class=\"sub-label\"><span >a valid email<\/span><\/span><\/span><div><span class=\"error\"><\/span><input placeholder=\"\" data-field-id=\"field5\" type=\"text\" data-val-type=\"email\" make-read-only=\"\" data-is-required=\"true\" name=\"field5\" class=\"validation-lenient\" data-placement=\"right\" data-toggle=\"tooltip\" tooltip=\"\" data-trigger=\"focus\" data-html=\"true\" data-original-title=\"\"><i class=\"formcraft-icon\">email<\/i><\/div><\/label><\/div><\/div>\n\t\t\t\t\t\t\t\n\t\t\t\t\t\t<\/div><div data-identifier=\"field6\" data-index=\"2\" style=\"width: 100%\" class=\" form-element form-element-field6 options-false form-element-2 default-false form-element-type-oneLineText is-required-false odd -handle\">\n\t\t\t\t\t\t\t<div class=\"form-element-html\"><div ><label class=\"oneLineText-cover field-cover \"><span class=\"sub-label-true\"><span class=\"main-label\"><span >Tel\u00e9fono<\/span><\/span><span class=\"sub-label\"><span >your full name<\/span><\/span><\/span><div><span class=\"error\"><\/span><input type=\"text\" placeholder=\"\" make-read-only=\"false\" data-field-id=\"field6\" name=\"field6[]\" data-min-char=\"\" data-max-char=\"\" data-val-type=\"\" data-regexp=\"\" data-is-required=\"false\" data-allow-spaces=\"\" class=\"validation-lenient\" data-placement=\"right\" data-toggle=\"tooltip\" tooltip=\"\" data-trigger=\"focus\" data-html=\"true\" data-input-mask=\"\" data-mask-placeholder=\"\" data-original-title=\"\"><i class=\"formcraft-icon formcraft-icon-type-call\">call<\/i><\/div><\/label><\/div><\/div>\n\t\t\t\t\t\t\t\n\t\t\t\t\t\t<\/div><div data-identifier=\"field10\" data-index=\"3\" style=\"width: 100%\" class=\" even form-element form-element-field10 options-false form-element-3 default-false form-element-type-textarea is-required-false -handle\">\n\t\t\t\t\t\t\t<div class=\"form-element-html\"><div ><label class=\"textarea-cover field-cover \"><span class=\"sub-label-false\"><span class=\"main-label\"><span >Mensaje<\/span><\/span><span class=\"sub-label\"><\/span><\/span><div><span class=\"error\"><\/span><textarea data-field-id=\"field10\" placeholder=\"\" class=\"validation-lenient\" name=\"field10\" value=\"\" rows=\"5\" data-min-char=\"\" data-max-char=\"\" data-is-required=\"false\" data-placement=\"right\" data-toggle=\"tooltip\" tooltip=\"\" data-trigger=\"focus\" data-html=\"true\" data-original-title=\"\" style=\"min-height: 107px\"><\/textarea><div class=\"count-\"><span class=\"current-count\">0<\/span> \/ <span class=\"max-count \"><\/span><\/div><\/div><\/label><\/div><\/div>\n\t\t\t\t\t\t\t\n\t\t\t\t\t\t<\/div><div data-identifier=\"field11\" data-index=\"4\" style=\"width: 100%\" class=\" form-element form-element-field11 options-false form-element-4 default-false form-element-type-dropdown is-required-false odd -handle\">\n\t\t\t\t\t\t\t<div class=\"form-element-html\"><div ><label class=\"dropdown-cover field-cover autocomplete-type- \"><span class=\"sub-label-true\"><span class=\"main-label\"><\/span><span class=\"sub-label\"><span >pick one!<\/span><\/span><\/span><div><span class=\"error\"><\/span><select data-is-required=\"false\" class=\"validation-lenient\" data-field-id=\"field11\" name=\"field11\" data-placement=\"right\" data-toggle=\"tooltip\" tooltip=\"\" data-trigger=\"hover\" data-html=\"true\" data-original-title=\"\"><option value=\"\" class=\" \">\u00bfC\u00f3mo nos conoces?<\/option><option value=\"Medios de comunicaci\u00f3n social\" class=\" \">Medios de comunicaci\u00f3n social<\/option><option value=\"Recomendaci\u00f3n\" class=\" \">Recomendaci\u00f3n<\/option><option value=\"Publicidad\" class=\" \">Publicidad<\/option><option value=\"Otros\" class=\" \">Otros<\/option><\/select><input type=\"text\"><\/div><\/label><\/div><\/div>\n\t\t\t\t\t\t\t\n\t\t\t\t\t\t<\/div><div data-identifier=\"field9\" data-index=\"5\" style=\"width: 100%\" class=\" even form-element form-element-field9 options-true form-element-5 default-false form-element-type-checkbox is-required-false -handle\">\n\t\t\t\t\t\t\t<div class=\"form-element-html\"><div ><div class=\"images- checkbox-cover field-cover\"><span class=\"sub-label-true\"><span class=\"main-label\"><\/span><span class=\"sub-label\"><span >Regelm\u00e4\u00dfig informiert<\/span><\/span><\/span><div data-placement=\"right\" data-toggle=\"tooltip\" tooltip=\"\" data-trigger=\"hover\" data-html=\"true\" data-original-title=\"\"><span class=\"error\"><\/span><label style=\"width:\" ><img alt=\"privateproperty mallorca contacto,agente de bienes ra\u00edces mallorca,contacto de inmobiliaria en mallorca\"><input data-field-id=\"field9\" type=\"checkbox\" data-is-required=\"false\" name=\"field9[]\" value=\"Suscr\u00edbase a nuestro PPM eMagazine y no se pierda ning\u00fan objeto nuevo.\" class=\"validation-lenient\"><span><span >Suscr\u00edbase a nuestro PPM eMagazine y no se pierda ning\u00fan objeto nuevo.<\/span><\/span><\/label><\/div><\/div><\/div><\/div>\n\t\t\t\t\t\t\t\n\t\t\t\t\t\t<\/div><div data-identifier=\"field8\" data-index=\"6\" style=\"width: 100%\" class=\" form-element form-element-field8 options-false form-element-6 default-false form-element-type-checkbox is-required-true odd -handle\">\n\t\t\t\t\t\t\t<div class=\"form-element-html\"><div ><div class=\"images- checkbox-cover field-cover\"><span class=\"sub-label-false\"><span class=\"main-label\"><\/span><span class=\"sub-label\"><\/span><\/span><div data-placement=\"right\" data-toggle=\"tooltip\" tooltip=\"\" data-trigger=\"hover\" data-html=\"true\" data-original-title=\"\"><span class=\"error\"><\/span><label style=\"width:\" ><img alt=\"privateproperty mallorca contacto,agente de bienes ra\u00edces mallorca,contacto de inmobiliaria en mallorca\"><input data-field-id=\"field8\" type=\"checkbox\" data-is-required=\"true\" name=\"field8[]\" value=\"Acepto expresamente la pol\u00edtica de privacidad de Personal Property Consult, S.L.\" class=\"validation-lenient\"><span><span >Acepto expresamente la pol\u00edtica de privacidad de Personal Property Consult, S.L.<\/span><\/span><\/label><\/div><\/div><\/div><\/div>\n\t\t\t\t\t\t\t\n\t\t\t\t\t\t<\/div><div data-identifier=\"field7\" data-index=\"7\" style=\"width: 100%\" class=\" even form-element form-element-field7 options-false form-element-7 default-false form-element-type-submit is-required-false -handle\">\n\t\t\t\t\t\t\t<div class=\"form-element-html\"><div ><div class=\"align-center wide-true submit-cover field-cover\"><button type=\"submit\" class=\"button submit-button\"><span class=\"text \">contacte con nosotros<\/span><span class=\"spin-cover\"><i style=\"color:\" class=\"loading-icon icon-cog animate-spin\"><\/i><\/span><\/button><\/div><div class=\"submit-response \"><\/div><label ><input type=\"text\" class=\"required_field\" name=\"website\" autocomplete=\"maple-syrup-pot\"><\/label><\/div><\/div>\n\t\t\t\t\t\t\t\n\t\t\t\t\t\t<\/div><div data-identifier=\"field12\" data-index=\"8\" style=\"width: 100%\" class=\" form-element form-element-field12 options- form-element-8 default-false form-element-type-reCaptcha is-required-false odd -handle\">\n\t\t\t\t\t\t\t<div class=\"form-element-html\"><div ><div data-site-key=\"6LcDnXIpAAAAAB0O-reShJVV3R5qRVgSNsjbSXts\" class=\"captcha-placeholder \">reCaptcha v3<\/div><input type=\"hidden\" class=\"recaptcha-token \" name=\"recaptcha-token\"><\/div><\/div>\n\t\t\t\t\t\t\t\n\t\t\t\t\t\t<\/div>\n\t\t\t\t\t<\/div>\n\t\t\t\t<\/div><!-- end ngRepeat: page in Builder.FormElements track by $index -->\n\t\t\t<\/form>\n\t\t\t<div class=\"prev-next prev-next-1\" style=\"width: 100%; color: #666666; font-size: 100%; background: white\">\n\t\t\t\t<div>\n\t\t\t\t\t\n\t\t\t\t\t<span class=\"inactive page-prev \"><i class=\"formcraft-icon\">keyboard_arrow_left<\/i>Previous<\/span><\/div>\n\t\t\t\t<div>\n\t\t\t\t\t\n\t\t\t\t\t<span class=\"page-next \">Next<i class=\"formcraft-icon\">keyboard_arrow_right<\/i><\/span><\/div>\n\t\t\t<\/div>\n\t\t<\/div><a class=\"powered-by\" target=\"_blank\" href=\"http:\/\/formcraft-wp.com?source=pb\"\/>FormCraft - WordPress form builder<\/a><\/div>[\/vc_wp_text][\/vc_column][vc_column width=\u00bb1\/4&#8243;][vc_column_text css=\u00bb\u00bb]<\/p>\n<h3>Office Santa Ponsa<\/h3>\n<p><a href=\"https:\/\/dev.privateproperty.immo\/wp-content\/uploads\/2020\/11\/main_office_santaponsa.jpg\"><img decoding=\"async\" class=\"alignnone size-full wp-image-336714\" src=\"https:\/\/dev.privateproperty.immo\/wp-content\/uploads\/2020\/11\/main_office_santaponsa.jpg\" alt=\"privateproperty mallorca contacto,agente de bienes ra\u00edces mallorca,contacto de inmobiliaria en mallorca\" width=\"400\" \/><\/a><br \/>\n<a href=\"https:\/\/goo.gl\/maps\/ESppZTcfN8uiWqAi8\">Gran Via Puig de Castellet 1,<br \/>\nBloque 6, Local 1<br \/>\n07180 Santa Ponsa \/ Mallorca<\/a><\/p>\n<p>+34 871 967 967<br \/>\n<a href=\"mailto:info@privatepropertymallorca.com\">info@privatepropertymallorca.com<\/a>[\/vc_column_text]<div id='wrap_map_69df9f3f3227b' class='ultimate-map-wrapper ult-adjust-bottom-margin ' style=' height:500px;'><div id='map_69df9f3f3227b' data-map_override='0' class='ultimate_google_map wpb_content_element 0' style='width:100%;height:500px;'><\/div><\/div><script type='text\/javascript'>\n\t\t\t(function($) {\n  \t\t\t'use strict';\n\t\t\tvar map_map_69df9f3f3227b = null;\n\t\t\tvar coordinate_map_69df9f3f3227b;\n\t\t\tvar isDraggable = $(document).width() > 641 ? 'true' : 'true';\n\t\t\ttry\n\t\t\t{\n\t\t\t\tvar map_map_69df9f3f3227b = null;\n\t\t\t\tvar coordinate_map_69df9f3f3227b;\n\t\t\t\tcoordinate_map_69df9f3f3227b = new google.maps.LatLng(39.516331554755, 2.4895784570079);\n\t\t\t\tvar mapOptions=\n\t\t\t\t{\n\t\t\t\t\tzoom: 13,\n\t\t\t\t\tcenter: coordinate_map_69df9f3f3227b,\n\t\t\t\t\tscaleControl: true,\n\t\t\t\t\tstreetViewControl: false,\n\t\t\t\t\tmapTypeControl: true,\n\t\t\t\t\tpanControl: false,\n\t\t\t\t\tzoomControl: true,\n\t\t\t\t\tscrollwheel: true,\n\t\t\t\t\tdraggable: isDraggable,\n\t\t\t\t\tzoomControlOptions: {\n\t\t\t\t\t\tposition: google.maps.ControlPosition.right_bottom\n\t\t\t\t\t},mapTypeId: google.maps.MapTypeId.roadmap,};var map_map_69df9f3f3227b = new google.maps.Map(document.getElementById('map_69df9f3f3227b'),mapOptions);\n\t\t\t\t\t\tvar x = 'infowindow_open_value';\n\t\t\t\t\t\tvar marker_map_69df9f3f3227b = new google.maps.Marker({\n\t\t\t\t\t\tposition: new google.maps.LatLng('39.516331554755', '2.4895784570079'),\n\t\t\t\t\t\tanimation:  google.maps.Animation.DROP,\n\t\t\t\t\t\tmap: map_map_69df9f3f3227b,\n\t\t\t\t\t\ticon: 'https:\/\/staging.privatepropertymallorca.com\/wp-content\/plugins\/Ultimate_VC_Addons\/assets\/img\/icon-marker-pink.png'\n\t\t\t\t\t});var infowindow = new google.maps.InfoWindow();\n\t\t\t\t\t\t\tinfowindow.setContent('<div class=\"map_info_text\" style=\\'color:#000;\\'><\/p> <h2>C\u00f3mo llegar a Santa Ponsa<\/h2> <p>+34 871 967 967<br \/> info@privatepropertymallorca.com<\/p> <p>&nbsp;<\/p> <p>Gran Via Puig de Castellet, 1, Bloque 6<br \/> 07180 Santa Ponsa<\/div>');google.maps.event.addListener(marker_map_69df9f3f3227b, 'click', function() {\n\t\t\t\t\t\t\t\tinfowindow.open(map_map_69df9f3f3227b,marker_map_69df9f3f3227b);\n\t\t\t\t\t\t  \t});}\n\t\t\tcatch(e){};\n\t\t\tjQuery(document).ready(function($){\n\t\t\t\tgoogle.maps.event.trigger(map_map_69df9f3f3227b, 'resize');\n\t\t\t\t$(window).on('resize', function(){\n\t\t\t\t\tgoogle.maps.event.trigger(map_map_69df9f3f3227b, 'resize');\n\t\t\t\t\tif(map_map_69df9f3f3227b!=null)\n\t\t\t\t\t\tmap_map_69df9f3f3227b.setCenter(coordinate_map_69df9f3f3227b);\n\t\t\t\t});\n\t\t\t\t$('.ui-tabs').on('tabsactivate', function(event, ui) {\n\t\t\t\t   if($(this).find('.ultimate-map-wrapper').length > 0)\n\t\t\t\t\t{\n\t\t\t\t\t\tsetTimeout(function(){\n\t\t\t\t\t\t\t$(window).trigger('resize');\n\t\t\t\t\t\t},200);\n\t\t\t\t\t}\n\t\t\t\t});\n\t\t\t\t$('.ui-accordion').on('accordionactivate', function(event, ui) {\n\t\t\t\t   if($(this).find('.ultimate-map-wrapper').length > 0)\n\t\t\t\t\t{\n\t\t\t\t\t\tsetTimeout(function(){\n\t\t\t\t\t\t\t$(window).trigger('resize');\n\t\t\t\t\t\t},200);\n\t\t\t\t\t}\n\t\t\t\t});\n\t\t\t\t$(window).on('load',function(){\n\t\t\t\t\tsetTimeout(function(){\n\t\t\t\t\t\t$(window).trigger('resize');\n\t\t\t\t\t},200);\n\t\t\t\t});\n\t\t\t\t$('.ult_exp_section').on('select', function(){\n\t\t\t\t\tif($(map_map_69df9f3f3227b).parents('.ult_exp_section'))\n\t\t\t\t\t{\n\t\t\t\t\t\tsetTimeout(function(){\n\t\t\t\t\t\t\t$(window).trigger('resize');\n\t\t\t\t\t\t},200);\n\t\t\t\t\t}\n\t\t\t\t});\n\t\t\t\t$(document).on('onUVCModalPopupOpen', function(){\n\t\t\t\t\tif($(map_map_69df9f3f3227b).parents('.ult_modal-content'))\n\t\t\t\t\t{\n\t\t\t\t\t\tsetTimeout(function(){\n\t\t\t\t\t\t\t$(window).trigger('resize');\n\t\t\t\t\t\t},200);\n\t\t\t\t\t}\n\t\t\t\t});\n\t\t\t\t$(document).on('click','.ult_tab_li',function(){\n\t\t\t\t\t$(window).trigger('resize');\n\t\t\t\t\tsetTimeout(function(){\n\t\t\t\t\t\t$(window).trigger('resize');\n\t\t\t\t\t},200);\n\t\t\t\t});\n\t\t\t});\n\t\t\tfunction toggleBounce() {\n\t\t\t  if (marker_map_69df9f3f3227b.getAnimation() != null) {\n\t\t\t\tmarker_map_69df9f3f3227b.setAnimation(null);\n\t\t\t  } else {\n\t\t\t\tmarker_map_69df9f3f3227b.setAnimation(google.maps.Animation.BOUNCE);\n\t\t\t  }\n\t\t\t}\n\t\t\t})(jQuery);\n\t\t\t<\/script>[\/vc_column][\/vc_row][vc_row][vc_column width=\u00bb1\/2&#8243;][\/vc_column][vc_column width=\u00bb1\/2&#8243;][\/vc_column][\/vc_row]<\/p>\n<\/div>","protected":false},"excerpt":{"rendered":"<p>[vc_row][vc_column][\/vc_column][\/vc_row][vc_row bg_type=\u00bbbg_color\u00bb css=\u00bb.vc_custom_1607524723722{margin-top: 15px !important;margin-right: 5px !important;margin-left: 5px !important;}\u00bb bg_color_value=\u00bb#ffffff\u00bb][vc_column width=\u00bb1\/4&#8243;][vc_column_text css=\u00bb\u00bb]Le escuchamos. Si usted tiene alguna pregunta sobre la &#8230;<\/p>\n","protected":false},"author":1,"featured_media":0,"parent":0,"menu_order":0,"comment_status":"closed","ping_status":"closed","template":"contact_page.php","meta":{"_seopress_robots_primary_cat":"","_seopress_titles_title":"Contacto - Inmobiliaria Mallorca - Private Property Mallorca agente inmobiliario","_seopress_titles_desc":"\u00bfQuiere comprar o vender una propiedad en Mallorca? \u00bfTiene comentarios, deseos y preguntas? Le asesoramos de forma individual y muy personal y esperamos tener noticias suyas.","_seopress_robots_index":"","footnotes":""},"class_list":["post-474605","page","type-page","status-publish"],"_links":{"self":[{"href":"https:\/\/staging.privatepropertymallorca.com\/es\/wp-json\/wp\/v2\/pages\/474605","targetHints":{"allow":["GET"]}}],"collection":[{"href":"https:\/\/staging.privatepropertymallorca.com\/es\/wp-json\/wp\/v2\/pages"}],"about":[{"href":"https:\/\/staging.privatepropertymallorca.com\/es\/wp-json\/wp\/v2\/types\/page"}],"author":[{"embeddable":true,"href":"https:\/\/staging.privatepropertymallorca.com\/es\/wp-json\/wp\/v2\/users\/1"}],"replies":[{"embeddable":true,"href":"https:\/\/staging.privatepropertymallorca.com\/es\/wp-json\/wp\/v2\/comments?post=474605"}],"version-history":[{"count":0,"href":"https:\/\/staging.privatepropertymallorca.com\/es\/wp-json\/wp\/v2\/pages\/474605\/revisions"}],"wp:attachment":[{"href":"https:\/\/staging.privatepropertymallorca.com\/es\/wp-json\/wp\/v2\/media?parent=474605"}],"curies":[{"name":"wp","href":"https:\/\/api.w.org\/{rel}","templated":true}]}}