{"id":474597,"date":"2020-12-23T15:26:34","date_gmt":"2020-12-23T14:26:34","guid":{"rendered":"https:\/\/dev.privateproperty.immo\/certificado-energetico\/"},"modified":"2022-12-07T11:26:49","modified_gmt":"2022-12-07T10:26:49","slug":"certificado-energetico","status":"publish","type":"page","link":"https:\/\/staging.privatepropertymallorca.com\/es\/certificado-energetico\/","title":{"rendered":"certificado energ\u00e9tico"},"content":{"rendered":"<div class=\"wpb-content-wrapper\"><p>[vc_row][vc_column]<div id=\"ultimate-heading-117069df9f413946f\" class=\"uvc-heading ult-adjust-bottom-margin ultimate-heading-117069df9f413946f uvc-2408 \" data-hspacer=\"line_only\"  data-halign=\"center\" style=\"text-align:center\"><div class=\"uvc-main-heading ult-responsive\"  data-ultimate-target='.uvc-heading.ultimate-heading-117069df9f413946f h1'  data-responsive-json-new='{\"font-size\":\"\",\"line-height\":\"\"}' ><h1 style=\"font-weight:normal;margin-top:120px;\">CERTIFICADO ENERG\u00c9TICO<\/h1><\/div><div class=\"uvc-heading-spacer line_only\" style=\"margin-top:30px;margin-bottom:80px;height:1px;\"><span class=\"uvc-headings-line\" style=\"border-style:solid;border-bottom-width:1px;border-color:#4d6b87;width:200px;\"><\/span><\/div><\/div>[\/vc_column][\/vc_row][vc_row][vc_column width=\u00bb1\/6&#8243;][\/vc_column][vc_column width=\u00bb1\/3&#8243;][vc_column_text]<strong>Desde el 1 de junio de 2013 todas las propiedades de Mallorca que se vendan o alquilen (alquileres de larga duraci\u00f3n de 4 meses o m\u00e1s) est\u00e1n obligadas a tener un certificado de eficiencia energ\u00e9tica.<\/strong><\/p>\n<p>El pase energ\u00e9tico, que tiene una validez de 10 a\u00f1os tras su emisi\u00f3n, proporciona informaci\u00f3n sobre las necesidades energ\u00e9ticas de la propiedad correspondiente y tambi\u00e9n debe tener una carta de recomendaci\u00f3n para mejorar la eficiencia energ\u00e9tica. Este certificado energ\u00e9tico puede ser emitido por un arquitecto, un ingeniero o un director de obra (arquitecto t\u00e9cnico).<\/p>\n<p>Si est\u00e1 planeando alquilar o vender su villa o apartamento en Mallorca, es urgente obtener un pasaporte energ\u00e9tico para su propiedad. Si el pasaporte energ\u00e9tico no est\u00e1 disponible a la hora de alquilar o vender su propiedad en Mallorca, puede acarrear graves multas de hasta 3.000 euros.[\/vc_column_text][\/vc_column][vc_column width=\u00bb1\/3&#8243;][vc_column_text]<\/p>\n<h3>Subdivisi\u00f3n de las clases de eficiencia energ\u00e9tica<\/h3>\n<p><img decoding=\"async\" class=\"alignright wp-image-338401\" src=\"https:\/\/dev.privateproperty.immo\/wp-content\/uploads\/2021\/01\/energiepass_photo2.jpg\" alt=\"\" width=\"200\" height=\"120\" srcset=\"https:\/\/staging.privatepropertymallorca.com\/wp-content\/uploads\/2021\/01\/energiepass_photo2.jpg 400w, https:\/\/staging.privatepropertymallorca.com\/wp-content\/uploads\/2021\/01\/energiepass_photo2-300x180.jpg 300w\" sizes=\"(max-width: 200px) 100vw, 200px\" \/><\/p>\n<p>Antes de emitir un pase energ\u00e9tico, se comprueba la eficiencia energ\u00e9tica de su propiedad. Se presta especial atenci\u00f3n al aislamiento, la ventilaci\u00f3n, la calefacci\u00f3n y la iluminaci\u00f3n. Por \u00faltimo, se asigna un nivel de eficiencia entre A y G (v\u00e9ase el gr\u00e1fico), como ya se sabe de los electrodom\u00e9sticos.<\/p>\n<p>Los inmuebles cuyos valores se acercan a la clase de eficiencia energ\u00e9tica A pueden consumir hasta un 85% menos de energ\u00eda que los de la clase de eficiencia inferior G. Esta calificaci\u00f3n energ\u00e9tica aumenta significativamente el valor de mercado de una propiedad en Mallorca (ya sea para comprar \/ vender o alquilar).[\/vc_column_text][\/vc_column][vc_column width=\u00bb1\/6&#8243;][\/vc_column][\/vc_row][vc_row][vc_column width=\u00bb1\/6&#8243;][\/vc_column][vc_column width=\u00bb2\/3&#8243;][vc_empty_space height=\u00bb50px\u00bb][vc_column_text]<\/p>\n<h3>Resumen de costes para la preparaci\u00f3n de un pase energ\u00e9tico<\/h3>\n<p>Los costes del certificado energ\u00e9tico var\u00edan y dependen principalmente del tipo de propiedad (casa o apartamento) y de la superficie habitable de su propiedad en Mallorca. Los costes indicados aqu\u00ed para la elaboraci\u00f3n de un certificado energ\u00e9tico son orientativos y no incluyen el 21% de IVA.<\/p>\n<p>Para evitarle correr innecesariamente, la empresa ARKItasa se ofrece a realizar el registro del certificado energ\u00e9tico por usted. El coste es de 50 euros, IVA incluido. ARKItasa s\u00f3lo requiere un poder firmado por el propietario para representarlo ante la autoridad competente, el Ministerio de Industria. En el caso de los inmuebles que se desv\u00edan de la norma, el equipo de ARKItasa le proporcionar\u00e1 un presupuesto por adelantado.<\/p>\n<p><img decoding=\"async\" class=\"wp-image-338407 size-full alignnone\" src=\"https:\/\/dev.privateproperty.immo\/wp-content\/uploads\/2021\/01\/energiepass_photo3.jpg\" alt=\"\" width=\"272\" height=\"91\" \/><br \/>\nC\/ Maquinaria, n\u00ba 4 2\u00ba Despacho 12<br \/>\n07013 Palma de Mallorca<\/p>\n<p><b>Tel: +34 626 302 043<br \/>\nFax: +34 971 254 112<\/b>[\/vc_column_text][vc_column_text]<\/p>\n<h3>Solicite usted mismo el pase energ\u00e9tico<\/h3>\n<p>Para los propietarios de inmuebles que prefieran hacer el registro ellos mismos, pueden encontrar los documentos que deben presentar en el siguiente enlace:<br \/>\n<a href=\"http:\/\/www.caib.es\/sites\/certificacioedificis\/es\/introduccio-57406\/\">http:\/\/www.caib.es\/sites\/certificacioedificis\/es\/introduccio-57406\/<\/a><\/p>\n<p>&nbsp;[\/vc_column_text][vc_empty_space height=\u00bb50px\u00bb][\/vc_column][vc_column width=\u00bb1\/6&#8243;][\/vc_column][\/vc_row][vc_row][vc_column]<div id=\"ultimate-heading-943569df9f41394c4\" class=\"uvc-heading ult-adjust-bottom-margin ultimate-heading-943569df9f41394c4 uvc-4982 \" data-hspacer=\"no_spacer\"  data-halign=\"center\" style=\"text-align:center\"><div class=\"uvc-heading-spacer no_spacer\" style=\"top\"><\/div><div class=\"uvc-main-heading ult-responsive\"  data-ultimate-target='.uvc-heading.ultimate-heading-943569df9f41394c4 h2'  data-responsive-json-new='{\"font-size\":\"\",\"line-height\":\"\"}' ><h2 style=\"font-weight:normal;margin-bottom:40px;\">Interesantes inmuebles<\/h2><\/div><\/div><div class=\"article_container\"><\/div>[\/vc_column][\/vc_row]<\/p>\n<\/div>","protected":false},"excerpt":{"rendered":"<p>[vc_row][vc_column][\/vc_column][\/vc_row][vc_row][vc_column width=\u00bb1\/6&#8243;][\/vc_column][vc_column width=\u00bb1\/3&#8243;][vc_column_text]Desde el 1 de junio de 2013 todas las propiedades de Mallorca que se vendan o alquilen (alquileres &#8230;<\/p>\n","protected":false},"author":1,"featured_media":0,"parent":0,"menu_order":0,"comment_status":"closed","ping_status":"closed","template":"","meta":{"_seopress_robots_primary_cat":"","_seopress_titles_title":"","_seopress_titles_desc":"La tarjeta energ\u00e9tica, que es v\u00e1lida durante 10 a\u00f1os despu\u00e9s de su expedici\u00f3n, proporciona informaci\u00f3n sobre las necesidades energ\u00e9ticas del inmueble en cuesti\u00f3n.","_seopress_robots_index":"","footnotes":""},"class_list":["post-474597","page","type-page","status-publish"],"_links":{"self":[{"href":"https:\/\/staging.privatepropertymallorca.com\/es\/wp-json\/wp\/v2\/pages\/474597","targetHints":{"allow":["GET"]}}],"collection":[{"href":"https:\/\/staging.privatepropertymallorca.com\/es\/wp-json\/wp\/v2\/pages"}],"about":[{"href":"https:\/\/staging.privatepropertymallorca.com\/es\/wp-json\/wp\/v2\/types\/page"}],"author":[{"embeddable":true,"href":"https:\/\/staging.privatepropertymallorca.com\/es\/wp-json\/wp\/v2\/users\/1"}],"replies":[{"embeddable":true,"href":"https:\/\/staging.privatepropertymallorca.com\/es\/wp-json\/wp\/v2\/comments?post=474597"}],"version-history":[{"count":0,"href":"https:\/\/staging.privatepropertymallorca.com\/es\/wp-json\/wp\/v2\/pages\/474597\/revisions"}],"wp:attachment":[{"href":"https:\/\/staging.privatepropertymallorca.com\/es\/wp-json\/wp\/v2\/media?parent=474597"}],"curies":[{"name":"wp","href":"https:\/\/api.w.org\/{rel}","templated":true}]}}