{"id":412619,"date":"2021-02-04T12:14:54","date_gmt":"2021-02-04T11:14:54","guid":{"rendered":"https:\/\/dev.privateproperty.immo\/vender-una-propiedad\/"},"modified":"2024-03-11T14:56:03","modified_gmt":"2024-03-11T13:56:03","slug":"vender-una-propiedad","status":"publish","type":"page","link":"https:\/\/staging.privatepropertymallorca.com\/es\/vender-una-propiedad\/","title":{"rendered":"Vender una propiedad"},"content":{"rendered":"<div class=\"wpb-content-wrapper\"><p>[vc_row][vc_column]<div id=\"ultimate-heading-717269df9f3a799f3\" class=\"uvc-heading ult-adjust-bottom-margin ultimate-heading-717269df9f3a799f3 uvc-6730 \" data-hspacer=\"line_only\"  data-halign=\"center\" style=\"text-align:center\"><div class=\"uvc-main-heading ult-responsive\"  data-ultimate-target='.uvc-heading.ultimate-heading-717269df9f3a799f3 h1'  data-responsive-json-new='{\"font-size\":\"\",\"line-height\":\"\"}' ><h1 style=\"font-weight:normal;margin-top:120px;\">VENDER UNA PROPIEDAD<\/h1><\/div><div class=\"uvc-heading-spacer line_only\" style=\"margin-top:30px;margin-bottom:80px;height:1px;\"><span class=\"uvc-headings-line\" style=\"border-style:solid;border-bottom-width:1px;border-color:#4d6b87;width:200px;\"><\/span><\/div><\/div>[\/vc_column][\/vc_row][vc_row][vc_column width=\u00bb1\/6&#8243;][\/vc_column][vc_column width=\u00bb1\/3&#8243;][vc_column_text]<\/p>\n<h2 class=\"p1\">Ponga la venta de su propiedad en Mallorca en manos de confianza<\/h2>\n<p>Llevamos 16 a\u00f1os poniendo en contacto a personas con las propiedades de sus sue\u00f1os en Mallorca.<br \/>\nFieles a nuestro lema \u00abNosotros escuchamos\u00bb, le escuchamos atentamente durante el proceso de grabaci\u00f3n para comercializar de forma \u00f3ptima su propiedad y encontrar un comprador adecuado. Recibir\u00e1 asesoramiento profesional por nuestra parte sobre el precio justo y realista de su propiedad en Mallorca, lo que nos permite garantizar una transacci\u00f3n de compra sin problemas.<\/p>\n<p>Como ya hemos tratado intensamente con nuestros clientes y sus deseos para una propiedad en Mallorca, s\u00f3lo visitaremos su propiedad con posibles compradores reales y as\u00ed evitaremos el llamado turismo inmobiliario y no le quitaremos tiempo innecesariamente.<\/p>\n<p>En Private Property Mallorca tenemos muchos a\u00f1os de experiencia en la venta de propiedades de lujo y podemos garantizar que siempre le asesoraremos discreta y profesionalmente desde el d\u00eda en que nos reunimos por primera vez hasta la venta final. Anunciaremos su propiedad de lujo de forma profesional y la presentaremos a nuestros clientes de forma selectiva.<\/p>\n<p>Le ofrecemos el mejor servicio<\/p>\n<ul>\n<li>Inspecci\u00f3n de bienes personales in situ<\/li>\n<li>Sesi\u00f3n de fotos con nuestro fot\u00f3grafo profesional para presentar su propiedad de la mejor manera posible<\/li>\n<li>Determinaci\u00f3n del precio de mercado actual mediante un an\u00e1lisis de mercado intensivo<\/li>\n<li>Preparaci\u00f3n de una exposici\u00f3n informativa en varios idiomas<\/li>\n<li>Revisi\u00f3n de todos los documentos necesarios para la venta<\/li>\n<li>Excelente comercializaci\u00f3n de su propiedad en nuestro sitio web y en portales internacionales<\/li>\n<\/ul>\n<p>Esto nos permite organizar y apoyar profesionalmente la venta de su propiedad en Mallorca.<br \/>\n[\/vc_column_text][vc_single_image image=\u00bb338985&#8243; img_size=\u00bblarge\u00bb][\/vc_column][vc_column width=\u00bb1\/3&#8243;][vc_single_image image=\u00bb338803&#8243; img_size=\u00bblarge\u00bb][vc_column_text]<br \/>\nAdem\u00e1s, utilizamos todos los canales de marketing modernos y cl\u00e1sicos para llegar al mayor n\u00famero posible de compradores potenciales para su propiedad en Mallorca.\u00a0De este modo, se suele encontrar r\u00e1pidamente un comprador adecuado, con el que su propiedad estar\u00e1 en buenas manos.<\/p>\n<p>En colaboraci\u00f3n con especialistas financieros y jur\u00eddicos competentes, con los que nosotros y nuestros clientes ya hemos tenido buenas experiencias en el pasado, le apoyamos en la realizaci\u00f3n de todas las formalidades y tareas relacionadas con el proceso de venta.\u00a0De este modo, nos aseguramos de que el proceso sea lo m\u00e1s r\u00e1pido y fluido posible.<\/p>\n<p>\u00abCada propiedad es \u00fanica para nosotros y tambi\u00e9n se trata como tal,<br \/>\nas\u00ed que si\u00e9ntese y rel\u00e1jese mientras vendemos su propiedad\u00bb.<br \/>\n[\/vc_column_text][\/vc_column][vc_column width=\u00bb1\/6&#8243;][\/vc_column][\/vc_row][vc_row][vc_column]<div id=\"ultimate-heading-555069df9f3a79a5b\" class=\"uvc-heading ult-adjust-bottom-margin ultimate-heading-555069df9f3a79a5b uvc-5334 \" data-hspacer=\"no_spacer\"  data-halign=\"center\" style=\"text-align:center\"><div class=\"uvc-heading-spacer no_spacer\" style=\"top\"><\/div><div class=\"uvc-main-heading ult-responsive\"  data-ultimate-target='.uvc-heading.ultimate-heading-555069df9f3a79a5b h2'  data-responsive-json-new='{\"font-size\":\"\",\"line-height\":\"\"}' ><h2 style=\"font-weight:normal;margin-bottom:40px;\">Interesantes inmuebles<\/h2><\/div><\/div><div class=\"article_container\"><\/div>[\/vc_column][\/vc_row]<\/p>\n<\/div>","protected":false},"excerpt":{"rendered":"<p>[vc_row][vc_column][\/vc_column][\/vc_row][vc_row][vc_column width=\u00bb1\/6&#8243;][\/vc_column][vc_column width=\u00bb1\/3&#8243;][vc_column_text] Ponga la venta de su propiedad en Mallorca en manos de confianza Llevamos 16 a\u00f1os poniendo en &#8230;<\/p>\n","protected":false},"author":1,"featured_media":0,"parent":0,"menu_order":0,"comment_status":"closed","ping_status":"closed","template":"","meta":{"_seopress_robots_primary_cat":"","_seopress_titles_title":"Vende propiedad en Mallorca con Private Property Mallorca Inmobiliaria de lujo","_seopress_titles_desc":"Fieles a nuestro lema \"Escuchamos\", le escuchamos atentamente durante el proceso de grabaci\u00f3n para comercializar su propiedad de la mejor manera posible y encontrar un comprador adecuado.","_seopress_robots_index":"","footnotes":""},"class_list":["post-412619","page","type-page","status-publish"],"_links":{"self":[{"href":"https:\/\/staging.privatepropertymallorca.com\/es\/wp-json\/wp\/v2\/pages\/412619","targetHints":{"allow":["GET"]}}],"collection":[{"href":"https:\/\/staging.privatepropertymallorca.com\/es\/wp-json\/wp\/v2\/pages"}],"about":[{"href":"https:\/\/staging.privatepropertymallorca.com\/es\/wp-json\/wp\/v2\/types\/page"}],"author":[{"embeddable":true,"href":"https:\/\/staging.privatepropertymallorca.com\/es\/wp-json\/wp\/v2\/users\/1"}],"replies":[{"embeddable":true,"href":"https:\/\/staging.privatepropertymallorca.com\/es\/wp-json\/wp\/v2\/comments?post=412619"}],"version-history":[{"count":0,"href":"https:\/\/staging.privatepropertymallorca.com\/es\/wp-json\/wp\/v2\/pages\/412619\/revisions"}],"wp:attachment":[{"href":"https:\/\/staging.privatepropertymallorca.com\/es\/wp-json\/wp\/v2\/media?parent=412619"}],"curies":[{"name":"wp","href":"https:\/\/api.w.org\/{rel}","templated":true}]}}