{"id":412606,"date":"2020-12-23T15:26:05","date_gmt":"2020-12-23T14:26:05","guid":{"rendered":"https:\/\/dev.privateproperty.immo\/comprar-una-propiedad\/"},"modified":"2022-12-07T11:25:46","modified_gmt":"2022-12-07T10:25:46","slug":"comprar-una-propiedad","status":"publish","type":"page","link":"https:\/\/staging.privatepropertymallorca.com\/es\/comprar-una-propiedad\/","title":{"rendered":"Comprar una propiedad"},"content":{"rendered":"<div class=\"wpb-content-wrapper\"><p>[vc_row][vc_column]<div id=\"ultimate-heading-19169dfa2889c2cb\" class=\"uvc-heading ult-adjust-bottom-margin ultimate-heading-19169dfa2889c2cb uvc-225 \" data-hspacer=\"line_only\"  data-halign=\"center\" style=\"text-align:center\"><div class=\"uvc-main-heading ult-responsive\"  data-ultimate-target='.uvc-heading.ultimate-heading-19169dfa2889c2cb h1'  data-responsive-json-new='{\"font-size\":\"\",\"line-height\":\"\"}' ><h1 style=\"font-weight:normal;margin-top:120px;\">COMPRAR UNA PROPIEDAD DE LUJO EN MALLORCA<\/h1><\/div><div class=\"uvc-heading-spacer line_only\" style=\"margin-top:30px;margin-bottom:80px;height:1px;\"><span class=\"uvc-headings-line\" style=\"border-style:solid;border-bottom-width:1px;border-color:#4d6b87;width:200px;\"><\/span><\/div><\/div>[\/vc_column][\/vc_row][vc_row][vc_column width=\u00bb1\/6&#8243;][\/vc_column][vc_column width=\u00bb1\/3&#8243;][vc_column_text]<\/p>\n<h3>Private Property Mallorca - \u00a1Puede confiar en nuestro equipo!<\/h3>\n<p>Somos su \u00abAsesor de confianza\u00bb y lo hemos sido desde 2004. Nuestro credo es \u00abEscuchamos\u00bb y eso nos diferencia de muchos otros.<\/p>\n<ul>\n<li>M\u00e1s de 700 clientes satisfechos<\/li>\n<li>Servicio completo: asistencia de la A a la Z<\/li>\n<li>Volumen de ventas de m\u00e1s de 500 millones de euros<\/li>\n<li>Discreci\u00f3n, equidad y colaboraci\u00f3n con nuestros clientes<\/li>\n<\/ul>\n<p>Cuando buscamos la propiedad adecuada para nuestros clientes, nos centramos exclusivamente en sus ideas y deseos para una propiedad en Mallorca. Para nosotros, la b\u00fasqueda lleva del cliente al inmueble y no al rev\u00e9s. Nosotros, el equipo de Private Property Mallorca, nos consideramos su asesor inmobiliario y creamos junto con usted un perfil de b\u00fasqueda adecuado, para presentarle antes de su llegada una serie de inmuebles seleccionados. As\u00ed se ahorrar\u00e1 un marat\u00f3n de visionado innecesario.<\/p>\n<p><img fetchpriority=\"high\" decoding=\"async\" class=\"alignnone size-large wp-image-338806\" src=\"https:\/\/dev.privateproperty.immo\/wp-content\/uploads\/2021\/02\/3fb24573-126a-4a6a-b47e-ecbe5d188abf-1920x1080-1-1024x576.jpg\" alt=\"\" width=\"1024\" height=\"576\" srcset=\"https:\/\/staging.privatepropertymallorca.com\/wp-content\/uploads\/2021\/02\/3fb24573-126a-4a6a-b47e-ecbe5d188abf-1920x1080-1-1024x576.jpg 1024w, https:\/\/staging.privatepropertymallorca.com\/wp-content\/uploads\/2021\/02\/3fb24573-126a-4a6a-b47e-ecbe5d188abf-1920x1080-1-300x169.jpg 300w, https:\/\/staging.privatepropertymallorca.com\/wp-content\/uploads\/2021\/02\/3fb24573-126a-4a6a-b47e-ecbe5d188abf-1920x1080-1-768x432.jpg 768w, https:\/\/staging.privatepropertymallorca.com\/wp-content\/uploads\/2021\/02\/3fb24573-126a-4a6a-b47e-ecbe5d188abf-1920x1080-1-1536x864.jpg 1536w, https:\/\/staging.privatepropertymallorca.com\/wp-content\/uploads\/2021\/02\/3fb24573-126a-4a6a-b47e-ecbe5d188abf-1920x1080-1-255x143.jpg 255w, https:\/\/staging.privatepropertymallorca.com\/wp-content\/uploads\/2021\/02\/3fb24573-126a-4a6a-b47e-ecbe5d188abf-1920x1080-1-1110x623.jpg 1110w, https:\/\/staging.privatepropertymallorca.com\/wp-content\/uploads\/2021\/02\/3fb24573-126a-4a6a-b47e-ecbe5d188abf-1920x1080-1.jpg 1920w\" sizes=\"(max-width: 1024px) 100vw, 1024px\" \/><\/p>\n<p>Hace unos a\u00f1os, experimentamos por nosotros mismos lo dif\u00edcil que es encontrar una propiedad en Mallorca cuando busc\u00e1bamos una propiedad privada. Esto nos llev\u00f3 finalmente a hacerlo simplemente mejor y a presentar al cliente \u00fanicamente lo que realmente busca. En los \u00faltimos a\u00f1os hemos ampliado nuestra red y hemos entablado una estrecha colaboraci\u00f3n con bancos, colegas agentes de bolsa, abogados y promotores inmobiliarios para su beneficio, con el fin de poder ofrecerle el mejor servicio. Usted se beneficia de nuestra red sin incurrir en costes adicionales ni encarecer el precio de su futura propiedad.<\/p>\n<p>Tanto si busca una villa exclusiva, un apartamento con vistas al mar o una finca tradicional, encontraremos SU propiedad perfecta en Mallorca.<\/p>\n<p>Nuestros numerosos clientes satisfechos y las recomendaciones resultantes nos animan a seguir con nuestra filosof\u00eda y a encontrar la propiedad de lujo adecuada para nuestros clientes.<br \/>\n[\/vc_column_text][\/vc_column][vc_column width=\u00bb1\/3&#8243;][vc_column_text]<\/p>\n<h3>La inmobiliaria de lujo en Mallorca desaf\u00eda a la crisis Corona<\/h3>\n<p>Las visitas por adelantado mediante videollamada y las transacciones de compra mediante poder notarial a trav\u00e9s de un fideicomisario se han convertido en la norma en tiempos de Corona y las restricciones de viaje que la acompa\u00f1an, y est\u00e1n reactivando el todav\u00eda muy activo mercado inmobiliario de Mallorca. Desde el comienzo de la pandemia, el segmento de gama alta de la propiedad inmobiliaria de lujo en Mallorca no s\u00f3lo se ha mantenido estable en precio, sino que en algunos casos es m\u00e1s cotizado de lo que ha sido durante mucho tiempo. Sobre todo, hemos observado una mayor demanda de fincas en el campo. Porque la finca con mucho espacio y privacidad se demanda como nunca en tiempos de encierro y distanciamiento social. Mallorca es y sigue siendo muy popular, a pesar de los dif\u00edciles acontecimientos y las tensiones pol\u00edticas en todo el mundo. La isla balear, con su estabilidad pol\u00edtica, garantiza un entorno seguro para las inversiones inmobiliarias en el futuro y sigue siendo uno de los puntos calientes de toda la regi\u00f3n mediterr\u00e1nea.<\/p>\n<p>Las propiedades de lujo en Mallorca siguen teniendo una gran demanda, especialmente en el suroeste en el municipio de Calv\u00eda (Bendinat, Puerto Portals, Costa d&#8217;en Blanes), Puerto Andratx y tambi\u00e9n en el noble suburbio de Palma en Son Vida. Pero tambi\u00e9n hay mucha demanda de fincas en la zona de Santany\u00ed, Ses Salines o en el centro de la isla, en la zona de Alar\u00f3 o Santa Mar\u00eda. Los compradores potenciales deben prestar especial atenci\u00f3n a la ubicaci\u00f3n y a una buena relaci\u00f3n calidad-precio. Para la clientela acomodada, Mallorca ofrece un bajo \u00edndice de delincuencia y una alta calidad de vida. Adem\u00e1s, la isla ofrece una infraestructura de primera clase de colegios internacionales, instalaciones m\u00e9dicas y conexiones a\u00e9reas.<\/p>\n<p>\u00bfEst\u00e1 pensando en invertir en su futuro y, sobre todo, en una mejor calidad de vida para usted y su familia? Entonces ahora es el momento perfecto. En la actualidad disponemos de unas 1.000 propiedades de lujo en oferta (aproximadamente el 50% fuera de l\u00ednea) y estaremos encantados de ofrecerle por adelantado una visita en v\u00eddeo a la casa de sus sue\u00f1os.<\/p>\n<p>Estaremos encantados de ponernos en contacto con usted. Gracias por su confianza y divi\u00e9rtase descubriendo nuestra cartera inmobiliaria.<\/p>\n<p>Sandra &amp; Andreas Dinges (propietarios)<br \/>\ny todo el equipo de<br \/>\nPropiedad privada Mallorca<br \/>\n[\/vc_column_text][\/vc_column][vc_column width=\u00bb1\/6&#8243;][\/vc_column][\/vc_row][vc_row][vc_column width=\u00bb1\/6&#8243;][\/vc_column][vc_column width=\u00bb2\/3&#8243;][vc_empty_space height=\u00bb50px\u00bb][vc_column_text]<\/p>\n<h3>\u00bfQu\u00e9 m\u00e1s debe tener en cuenta una vez que haya encontrado la propiedad de sus sue\u00f1os?<\/h3>\n<p>Si ha encontrado su futura propiedad de vacaciones en Mallorca con nosotros, le ayudaremos con los siguientes pasos. Uno de los pasos m\u00e1s importantes al principio es solicitar un n\u00famero de identificaci\u00f3n fiscal espa\u00f1ol, el NIE, as\u00ed como abrir una cuenta bancaria y, si es necesario, solicitar financiaci\u00f3n bancaria. Antes de la cita con el notario se suele firmar el llamado contrato de opci\u00f3n (precontrato, contrato privado de compraventa por escrito) que va acompa\u00f1ado de un examen detallado del inmueble (due diligence) y de toda la situaci\u00f3n jur\u00eddica. Por supuesto, tambi\u00e9n se encarga a un perito de obras si hay que realizar un examen t\u00e9cnico. En el transcurso del examen se comprueba la inscripci\u00f3n en el registro de la propiedad para determinar qui\u00e9n es oficialmente el propietario del inmueble, si el estado real del mismo coincide con las inscripciones en el registro y si se han registrado otras hipotecas u otros elementos importantes para una venta. Tambi\u00e9n se obtiene un extracto catastral para establecer si los datos catastrales se corresponden con el registro de la propiedad. El siguiente paso es obtener las facturas de los \u00faltimos a\u00f1os de las tasas de basura y de los impuestos locales, as\u00ed como el control en el ayuntamiento, si hay alguna medida jur\u00eddico-p\u00fablica contra el inmueble. Estos son s\u00f3lo algunos puntos importantes en los que le apoyamos y acompa\u00f1amos despu\u00e9s de la decisi\u00f3n de compra - en la mayor\u00eda de los casos, por supuesto, tambi\u00e9n con asesoramiento jur\u00eddico.[\/vc_column_text][vc_empty_space height=\u00bb50px\u00bb][\/vc_column][vc_column width=\u00bb1\/6&#8243;][\/vc_column][\/vc_row][vc_row][vc_column]<div id=\"ultimate-heading-231469dfa2889c321\" class=\"uvc-heading ult-adjust-bottom-margin ultimate-heading-231469dfa2889c321 uvc-20 \" data-hspacer=\"no_spacer\"  data-halign=\"center\" style=\"text-align:center\"><div class=\"uvc-heading-spacer no_spacer\" style=\"top\"><\/div><div class=\"uvc-main-heading ult-responsive\"  data-ultimate-target='.uvc-heading.ultimate-heading-231469dfa2889c321 h2'  data-responsive-json-new='{\"font-size\":\"\",\"line-height\":\"\"}' ><h2 style=\"font-weight:normal;margin-bottom:40px;\">Interesantes inmuebles<\/h2><\/div><\/div><div class=\"article_container\"><\/div>[\/vc_column][\/vc_row]<\/p>\n<\/div>","protected":false},"excerpt":{"rendered":"<p>[vc_row][vc_column][\/vc_column][\/vc_row][vc_row][vc_column width=\u00bb1\/6&#8243;][\/vc_column][vc_column width=\u00bb1\/3&#8243;][vc_column_text] Private Property Mallorca &#8211; \u00a1Puede confiar en nuestro equipo! Somos su \u00abAsesor de confianza\u00bb y lo hemos &#8230;<\/p>\n","protected":false},"author":1,"featured_media":0,"parent":0,"menu_order":0,"comment_status":"closed","ping_status":"closed","template":"","meta":{"_seopress_robots_primary_cat":"","_seopress_titles_title":"Comprar propiedad en Mallorca con Private Property Mallorca Inmobiliaria","_seopress_titles_desc":"Tanto si busca una villa exclusiva, un apartamento con vistas al mar o una finca id\u00edlica, encontraremos SU propiedad perfecta en Mallorca.","_seopress_robots_index":"","footnotes":""},"class_list":["post-412606","page","type-page","status-publish"],"_links":{"self":[{"href":"https:\/\/staging.privatepropertymallorca.com\/es\/wp-json\/wp\/v2\/pages\/412606","targetHints":{"allow":["GET"]}}],"collection":[{"href":"https:\/\/staging.privatepropertymallorca.com\/es\/wp-json\/wp\/v2\/pages"}],"about":[{"href":"https:\/\/staging.privatepropertymallorca.com\/es\/wp-json\/wp\/v2\/types\/page"}],"author":[{"embeddable":true,"href":"https:\/\/staging.privatepropertymallorca.com\/es\/wp-json\/wp\/v2\/users\/1"}],"replies":[{"embeddable":true,"href":"https:\/\/staging.privatepropertymallorca.com\/es\/wp-json\/wp\/v2\/comments?post=412606"}],"version-history":[{"count":0,"href":"https:\/\/staging.privatepropertymallorca.com\/es\/wp-json\/wp\/v2\/pages\/412606\/revisions"}],"wp:attachment":[{"href":"https:\/\/staging.privatepropertymallorca.com\/es\/wp-json\/wp\/v2\/media?parent=412606"}],"curies":[{"name":"wp","href":"https:\/\/api.w.org\/{rel}","templated":true}]}}