{"id":375014,"date":"2019-07-04T12:19:09","date_gmt":"2019-07-04T10:19:09","guid":{"rendered":"https:\/\/dev.privateproperty.immo\/imprint\/"},"modified":"2022-12-07T11:21:38","modified_gmt":"2022-12-07T10:21:38","slug":"imprint","status":"publish","type":"page","link":"https:\/\/staging.privatepropertymallorca.com\/en\/imprint\/","title":{"rendered":"Imprint"},"content":{"rendered":"<div class=\"wpb-content-wrapper\"><p>[vc_row][vc_column width=&#8221;1\/6&#8243;][\/vc_column][vc_column width=&#8221;2\/3&#8243;]<div id=\"ultimate-heading-708469e1ed00da9a1\" class=\"uvc-heading ult-adjust-bottom-margin ultimate-heading-708469e1ed00da9a1 uvc-1153 \" data-hspacer=\"line_only\"  data-halign=\"center\" style=\"text-align:center\"><div class=\"uvc-main-heading ult-responsive\"  data-ultimate-target='.uvc-heading.ultimate-heading-708469e1ed00da9a1 h2'  data-responsive-json-new='{\"font-size\":\"\",\"line-height\":\"\"}' ><h2 style=\"font-weight:normal;margin-top:50px;\">IMPRINT<\/h2><\/div><div class=\"uvc-heading-spacer line_only\" style=\"margin-top:30px;margin-bottom:40px;height:1px;\"><span class=\"uvc-headings-line\" style=\"border-style:solid;border-bottom-width:1px;border-color:#4d6b87;width:200px;\"><\/span><\/div><\/div>[\/vc_column][vc_column width=&#8221;1\/6&#8243;][\/vc_column][\/vc_row][vc_row][vc_column width=&#8221;1\/6&#8243;][\/vc_column][vc_column width=&#8221;1\/3&#8243;][vc_column_text]<\/p>\n<div class=\"page\" title=\"Page 2\">\n<div class=\"section\">\n<div class=\"layoutArea\">\n<div class=\"column\">\n<p>Private Property Mallorca<br \/>\nPersonal Property Consult, S.L.<br \/>\nGran Via Puig de Castellet 1,<br \/>\nBloque 6, Local 1<br \/>\n07180 Santa Ponsa \/ Mallorca<br \/>\nSpain<\/p>\n<h3>Represented by:<\/h3>\n<p>Andreas Dinges<\/p>\n<h3>Contact<\/h3>\n<p>Phone: +34 871 967 967<br \/>\nE-Mail: info@privatepropertymallorca.com<\/p>\n<h3>VAT-ID<\/h3>\n<p>ES B57368409<\/p>\n<\/div>\n<\/div>\n<\/div>\n<\/div>\n<p>[\/vc_column_text][\/vc_column][vc_column width=&#8221;1\/3&#8243;][vc_column_text]<\/p>\n<div class=\"page\" title=\"Page 2\">\n<div class=\"section\">\n<div class=\"layoutArea\">\n<div class=\"column\">\n<h3>Editor in charge<\/h3>\n<p>Sandra Dinges<br \/>\nGran Via Puig de Castellet 1,<br \/>\nBloque 6, Local 21<br \/>\n07180 Santa Ponsa \/ Mallorca<br \/>\nSpain<\/p>\n<h3>EU dispute resolution<\/h3>\n<p>The European Commission provides a platform for online dispute resolution (ODR): https:\/\/ec.europa.eu\/consumers\/odr.<br \/>\nYou can find our email address in the imprint above.<\/p>\n<h3>References for images and graphics<\/h3>\n<p>Marco Richter - <a href=\"https:\/\/www.marcorichterphotography.com\/\">Marco Richter Photography<\/a><br \/>\n<a href=\"mailto:florian@privatepropertymallorca.com\">Florian Bresa<\/a><br \/>\n<a href=\"https:\/\/de.fotolia.com\/\">https:\/\/de.fotolia.com\/<\/a><br \/>\n<a href=\"https:\/\/www.agefotostock.com\">https:\/\/www.agefotostock.com<\/a><\/p>\n<\/div>\n<\/div>\n<\/div>\n<\/div>\n<p>[\/vc_column_text][\/vc_column][vc_column width=&#8221;1\/6&#8243;][\/vc_column][\/vc_row][vc_row][vc_column width=&#8221;1\/6&#8243;][\/vc_column][vc_column width=&#8221;2\/3&#8243;][vc_empty_space height=&#8221;50px&#8221;][vc_column_text]<\/p>\n<h3>Liability for contents<\/h3>\n<p>Als Diensteanbieter sind wir f\u00fcr eigene Inhalte auf diesen Seiten nach den allgemeinen Gesetzen verantwortlich. Wir als Diensteanbieter sind jedoch nicht verpflichtet, \u00fcbermittelte oder gespeicherte fremde Informationen zu \u00fcberwachen oder nach Umst\u00e4nden zu forschen, die auf eine rechtswidrige T\u00e4tigkeit hinweisen.<br \/>\nVerpflichtungen zur Entfernung oder Sperrung der Nutzung von Informationen nach den allgemeinen Gesetzen bleiben hiervon unber\u00fchrt. Eine diesbez\u00fcgliche Haftung ist jedoch erst ab dem Zeitpunkt der Kenntnis einer konkreten Rechtsverletzung m\u00f6glich. Bei Bekanntwerden von entsprechenden Rechtsverletzungen werden wir diese Inhalte umgehend entfernen.<\/p>\n<h3>Haftung f\u00fcr Links<\/h3>\n<p>Unser Angebot enth\u00e4lt Links zu externen Websites Dritter, auf deren Inhalte wir keinen Einfluss haben. Deshalb k\u00f6nnen wir f\u00fcr diese fremden Inhalte auch keine Gew\u00e4hr \u00fcbernehmen. F\u00fcr die Inhalte der verlinkten Seiten ist stets der jeweilige Anbieter oder Betreiber der Seiten verantwortlich. Die verlinkten Seiten wurden zum Zeitpunkt der Verlinkung auf m\u00f6gliche Rechtsverst\u00f6\u00dfe \u00fcberpr\u00fcft. Rechtswidrige Inhalte waren zum Zeitpunkt der Verlinkung nicht erkennbar.<br \/>\nEine permanente inhaltliche Kontrolle der verlinkten Seiten ist jedoch ohne konkrete Anhaltspunkte einer Rechtsverletzung nicht zumutbar. Bei Bekanntwerden von Rechtsverletzungen werden wir derartige Links umgehend entfernen.<\/p>\n<h3>Urheberrecht<\/h3>\n<p>Die durch die Seitenbetreiber erstellten Inhalte und Werke auf diesen Seiten unterliegen dem deutschen Urheberrecht. Die Vervielf\u00e4ltigung, Bearbeitung, Verbreitung und jede Art der Verwertung au\u00dferhalb der Grenzen des Urheberrechtes bed\u00fcrfen der schriftlichen Zustimmung des jeweiligen Autors bzw. Erstellers. Downloads und Kopien dieser Seite sind nur f\u00fcr den privaten, nicht kommerziellen Gebrauch gestattet.<br \/>\nSoweit die Inhalte auf dieser Seite nicht vom Betreiber erstellt wurden, werden die Urheberrechte Dritter beachtet. Insbesondere werden Inhalte Dritter als solche gekennzeichnet. Sollten Sie trotzdem auf eine Urheberrechtsverletzung aufmerksam werden, bitten wir um einen entsprechenden Hinweis. Bei Bekanntwerden von Rechtsverletzungen werden wir derartige Inhalte umgehend entfernen.[\/vc_column_text][vc_empty_space height=&#8221;50px&#8221;][\/vc_column][vc_column width=&#8221;1\/6&#8243;][\/vc_column][\/vc_row]<\/p>\n<\/div>","protected":false},"excerpt":{"rendered":"<p>[vc_row][vc_column width=&#8221;1\/6&#8243;][\/vc_column][vc_column width=&#8221;2\/3&#8243;][\/vc_column][vc_column width=&#8221;1\/6&#8243;][\/vc_column][\/vc_row][vc_row][vc_column width=&#8221;1\/6&#8243;][\/vc_column][vc_column width=&#8221;1\/3&#8243;][vc_column_text] Private Property Mallorca Personal Property Consult, S.L. Gran Via Puig de Castellet 1, Bloque &#8230;<\/p>\n","protected":false},"author":1,"featured_media":0,"parent":0,"menu_order":101,"comment_status":"closed","ping_status":"closed","template":"","meta":{"_seopress_robots_primary_cat":"","_seopress_titles_title":"","_seopress_titles_desc":"Private Property Mallorca\r\nPersonal Property Consult, S.L.\r\nGran Via Puig de Castellet 1,\r\nBloque 6, Local 1\r\n07180 Santa Ponsa \/ Mallorca\r\nSpain","_seopress_robots_index":"","footnotes":""},"class_list":["post-375014","page","type-page","status-publish"],"_links":{"self":[{"href":"https:\/\/staging.privatepropertymallorca.com\/en\/wp-json\/wp\/v2\/pages\/375014","targetHints":{"allow":["GET"]}}],"collection":[{"href":"https:\/\/staging.privatepropertymallorca.com\/en\/wp-json\/wp\/v2\/pages"}],"about":[{"href":"https:\/\/staging.privatepropertymallorca.com\/en\/wp-json\/wp\/v2\/types\/page"}],"author":[{"embeddable":true,"href":"https:\/\/staging.privatepropertymallorca.com\/en\/wp-json\/wp\/v2\/users\/1"}],"replies":[{"embeddable":true,"href":"https:\/\/staging.privatepropertymallorca.com\/en\/wp-json\/wp\/v2\/comments?post=375014"}],"version-history":[{"count":0,"href":"https:\/\/staging.privatepropertymallorca.com\/en\/wp-json\/wp\/v2\/pages\/375014\/revisions"}],"wp:attachment":[{"href":"https:\/\/staging.privatepropertymallorca.com\/en\/wp-json\/wp\/v2\/media?parent=375014"}],"curies":[{"name":"wp","href":"https:\/\/api.w.org\/{rel}","templated":true}]}}